{"id":1034,"date":"2025-07-05T12:53:10","date_gmt":"2025-07-05T12:53:10","guid":{"rendered":"https:\/\/inmemo.net\/?page_id=1034"},"modified":"2025-07-07T15:49:44","modified_gmt":"2025-07-07T15:49:44","slug":"nos-engagements","status":"publish","type":"page","link":"https:\/\/inmemo.net\/?page_id=1034","title":{"rendered":"Nos engagements"},"content":{"rendered":"<div class=\"wpb-content-wrapper\"><div class=\"vc_row wpb_row vc_row-fluid vc_custom_1751903257917 vc_row-has-fill vc_row-o-equal-height vc_row-o-content-top vc_row-flex\"><div class=\"wpb_column vc_column_container vc_col-sm-12 vc_col-has-fill\"><div class=\"vc_column-inner vc_custom_1751903309762\"><div class=\"wpb_wrapper\">\n\t<div class=\"wpb_text_column wpb_content_element\" >\n\t\t<div class=\"wpb_wrapper\">\n\t\t\t<p><strong><span style=\"font-size: 14pt;\">Port\u00e9s par des valeurs de partage, de respect et d\u2019excellence, nous nous engageons \u00e0 fournir des prestations de grande qualit\u00e9 aux justes prix.<\/span><\/strong><\/p>\n<p>L\u2019adh\u00e9sion \u00e0 Inmemo est en quelque sorte un gage de qualit\u00e9. Elle est renouvel\u00e9e d\u2019ann\u00e9e en ann\u00e9e en fonction du s\u00e9rieux de notre entreprise.<\/p>\n<p>En outre, nous engageons donc :<\/p>\n<ul>\n<li>Au respect des croyances des familles endeuill\u00e9es et de leur libert\u00e9 de choix\u2009;<\/li>\n<li>Au respect des lois et r\u00e8glements qui encadrent les obs\u00e8ques, dans l\u2019esprit du service public auquel elle concourt\u2009;<\/li>\n<li>Au secret professionnel et \u00e0 la discr\u00e9tion\u2009;<\/li>\n<li>A la transparence des tarifs\u00a0(toute intervention doit faire l\u2019objet d\u2019un devis pr\u00e9alable et pr\u00e9cis).<\/li>\n<\/ul>\n\n\t\t<\/div>\n\t<\/div>\n\n\t<div  class=\"wpb_single_image wpb_content_element vc_align_center wpb_content_element\">\n\t\t\n\t\t<figure class=\"wpb_wrapper vc_figure\">\n\t\t\t<div class=\"vc_single_image-wrapper vc_box_rounded  vc_box_border_grey\"><img loading=\"lazy\" decoding=\"async\" class=\"vc_single_image-img \" src=\"https:\/\/inmemo.net\/wp-content\/uploads\/2025\/06\/engagement-1240x370.jpg\" width=\"1240\" height=\"370\" alt=\"engagement\" title=\"engagement\" loading=\"lazy\" \/><\/div>\n\t\t<\/figure>\n\t<\/div>\n<\/div><\/div><\/div><\/div>\n<\/div>","protected":false},"excerpt":{"rendered":"Port\u00e9s par des valeurs de partage, de respect et d\u2019excellence, nous nous engageons \u00e0 fournir des prestations de grande qualit\u00e9 aux justes prix. L\u2019adh\u00e9sion \u00e0 Inmemo est en quelque sorte un gage de qualit\u00e9. Elle est renouvel\u00e9e d\u2019ann\u00e9e en ann\u00e9e en fonction du s\u00e9rieux de notre entreprise. En outre, nous engageons donc : Au respect des croyances des familles endeuill\u00e9es et de leur libert\u00e9 de choix\u2009; Au respect des lois et r\u00e8glements qui encadrent les obs\u00e8ques, dans l\u2019esprit du service public auquel elle concourt\u2009; Au secret professionnel et \u00e0 la discr\u00e9tion\u2009; A la transparence des tarifs\u00a0(toute intervention doit faire l\u2019objet d\u2019un devis pr\u00e9alable et pr\u00e9cis).","protected":false},"author":1,"featured_media":0,"parent":0,"menu_order":0,"comment_status":"closed","ping_status":"closed","template":"","meta":{"_themeisle_gutenberg_block_has_review":false,"footnotes":""},"class_list":["post-1034","page","type-page","status-publish","hentry"],"yoast_head":"<!-- This site is optimized with the Yoast SEO plugin v27.6 - https:\/\/yoast.com\/product\/yoast-seo-wordpress\/ -->\n<title>Nos engagements - inmemo<\/title>\n<meta name=\"robots\" content=\"index, follow, max-snippet:-1, max-image-preview:large, max-video-preview:-1\" \/>\n<link rel=\"canonical\" href=\"https:\/\/inmemo.net\/?page_id=1034\" \/>\n<meta property=\"og:locale\" content=\"fr_FR\" \/>\n<meta property=\"og:type\" content=\"article\" \/>\n<meta property=\"og:title\" content=\"Nos engagements - inmemo\" \/>\n<meta property=\"og:url\" content=\"https:\/\/inmemo.net\/?page_id=1034\" \/>\n<meta property=\"og:site_name\" content=\"inmemo\" \/>\n<meta property=\"article:modified_time\" content=\"2025-07-07T15:49:44+00:00\" \/>\n<meta name=\"twitter:card\" content=\"summary_large_image\" \/>\n<meta name=\"twitter:label1\" content=\"Dur\u00e9e de lecture estim\u00e9e\" \/>\n\t<meta name=\"twitter:data1\" content=\"1 minute\" \/>\n<script type=\"application\/ld+json\" class=\"yoast-schema-graph\">{\"@context\":\"https:\\\/\\\/schema.org\",\"@graph\":[{\"@type\":\"WebPage\",\"@id\":\"https:\\\/\\\/inmemo.net\\\/?page_id=1034\",\"url\":\"https:\\\/\\\/inmemo.net\\\/?page_id=1034\",\"name\":\"Nos engagements - inmemo\",\"isPartOf\":{\"@id\":\"https:\\\/\\\/inmemo.net\\\/#website\"},\"datePublished\":\"2025-07-05T12:53:10+00:00\",\"dateModified\":\"2025-07-07T15:49:44+00:00\",\"breadcrumb\":{\"@id\":\"https:\\\/\\\/inmemo.net\\\/?page_id=1034#breadcrumb\"},\"inLanguage\":\"fr-FR\",\"potentialAction\":[{\"@type\":\"ReadAction\",\"target\":[\"https:\\\/\\\/inmemo.net\\\/?page_id=1034\"]}]},{\"@type\":\"BreadcrumbList\",\"@id\":\"https:\\\/\\\/inmemo.net\\\/?page_id=1034#breadcrumb\",\"itemListElement\":[{\"@type\":\"ListItem\",\"position\":1,\"name\":\"Home\",\"item\":\"https:\\\/\\\/inmemo.net\\\/\"},{\"@type\":\"ListItem\",\"position\":2,\"name\":\"Nos engagements\"}]},{\"@type\":\"WebSite\",\"@id\":\"https:\\\/\\\/inmemo.net\\\/#website\",\"url\":\"https:\\\/\\\/inmemo.net\\\/\",\"name\":\"inmemo\",\"description\":\"Rendez vos souvenir inoubliables\",\"potentialAction\":[{\"@type\":\"SearchAction\",\"target\":{\"@type\":\"EntryPoint\",\"urlTemplate\":\"https:\\\/\\\/inmemo.net\\\/?s={search_term_string}\"},\"query-input\":{\"@type\":\"PropertyValueSpecification\",\"valueRequired\":true,\"valueName\":\"search_term_string\"}}],\"inLanguage\":\"fr-FR\"}]}<\/script>\n<!-- \/ Yoast SEO plugin. -->","yoast_head_json":{"title":"Nos engagements - inmemo","robots":{"index":"index","follow":"follow","max-snippet":"max-snippet:-1","max-image-preview":"max-image-preview:large","max-video-preview":"max-video-preview:-1"},"canonical":"https:\/\/inmemo.net\/?page_id=1034","og_locale":"fr_FR","og_type":"article","og_title":"Nos engagements - inmemo","og_url":"https:\/\/inmemo.net\/?page_id=1034","og_site_name":"inmemo","article_modified_time":"2025-07-07T15:49:44+00:00","twitter_card":"summary_large_image","twitter_misc":{"Dur\u00e9e de lecture estim\u00e9e":"1 minute"},"schema":{"@context":"https:\/\/schema.org","@graph":[{"@type":"WebPage","@id":"https:\/\/inmemo.net\/?page_id=1034","url":"https:\/\/inmemo.net\/?page_id=1034","name":"Nos engagements - inmemo","isPartOf":{"@id":"https:\/\/inmemo.net\/#website"},"datePublished":"2025-07-05T12:53:10+00:00","dateModified":"2025-07-07T15:49:44+00:00","breadcrumb":{"@id":"https:\/\/inmemo.net\/?page_id=1034#breadcrumb"},"inLanguage":"fr-FR","potentialAction":[{"@type":"ReadAction","target":["https:\/\/inmemo.net\/?page_id=1034"]}]},{"@type":"BreadcrumbList","@id":"https:\/\/inmemo.net\/?page_id=1034#breadcrumb","itemListElement":[{"@type":"ListItem","position":1,"name":"Home","item":"https:\/\/inmemo.net\/"},{"@type":"ListItem","position":2,"name":"Nos engagements"}]},{"@type":"WebSite","@id":"https:\/\/inmemo.net\/#website","url":"https:\/\/inmemo.net\/","name":"inmemo","description":"Rendez vos souvenir inoubliables","potentialAction":[{"@type":"SearchAction","target":{"@type":"EntryPoint","urlTemplate":"https:\/\/inmemo.net\/?s={search_term_string}"},"query-input":{"@type":"PropertyValueSpecification","valueRequired":true,"valueName":"search_term_string"}}],"inLanguage":"fr-FR"}]}},"_links":{"self":[{"href":"https:\/\/inmemo.net\/index.php?rest_route=\/wp\/v2\/pages\/1034","targetHints":{"allow":["GET"]}}],"collection":[{"href":"https:\/\/inmemo.net\/index.php?rest_route=\/wp\/v2\/pages"}],"about":[{"href":"https:\/\/inmemo.net\/index.php?rest_route=\/wp\/v2\/types\/page"}],"author":[{"embeddable":true,"href":"https:\/\/inmemo.net\/index.php?rest_route=\/wp\/v2\/users\/1"}],"replies":[{"embeddable":true,"href":"https:\/\/inmemo.net\/index.php?rest_route=%2Fwp%2Fv2%2Fcomments&post=1034"}],"version-history":[{"count":4,"href":"https:\/\/inmemo.net\/index.php?rest_route=\/wp\/v2\/pages\/1034\/revisions"}],"predecessor-version":[{"id":1111,"href":"https:\/\/inmemo.net\/index.php?rest_route=\/wp\/v2\/pages\/1034\/revisions\/1111"}],"wp:attachment":[{"href":"https:\/\/inmemo.net\/index.php?rest_route=%2Fwp%2Fv2%2Fmedia&parent=1034"}],"curies":[{"name":"wp","href":"https:\/\/api.w.org\/{rel}","templated":true}]}}