{"id":1037,"date":"2025-07-05T13:38:42","date_gmt":"2025-07-05T13:38:42","guid":{"rendered":"https:\/\/inmemo.net\/?page_id=1037"},"modified":"2025-07-07T15:34:22","modified_gmt":"2025-07-07T15:34:22","slug":"notre-mission","status":"publish","type":"page","link":"https:\/\/inmemo.net\/?page_id=1037","title":{"rendered":"Notre mission"},"content":{"rendered":"<div class=\"wpb-content-wrapper\"><div data-vc-parallax=\"1.5\" data-vc-parallax-image=\"https:\/\/inmemo.net\/wp-content\/uploads\/2025\/07\/FOND-BLANC.png\" class=\"vc_row wpb_row vc_row-fluid vc_custom_1751902319286 vc_row-has-fill vc_row-o-content-top vc_row-flex vc_general vc_parallax vc_parallax-content-moving\"><div data-vc-parallax=\"1.5\" data-vc-parallax-image=\"https:\/\/inmemo.net\/wp-content\/uploads\/2025\/07\/FOND-BLANC.png\" class=\"wpb_column vc_column_container vc_col-sm-12 vc_col-has-fill vc_general vc_parallax vc_parallax-content-moving\"><div class=\"vc_column-inner vc_custom_1751902237781\"><div class=\"wpb_wrapper\">\n\t<div class=\"wpb_text_column wpb_content_element\" >\n\t\t<div class=\"wpb_wrapper\">\n\t\t\t<p>INMEMO-CI a \u00e9t\u00e9 cr\u00e9\u00e9 en 2025 avec pour mission de prendre soin des endeuill\u00e9s dans l\u2019organisation des obs\u00e8ques, premier pas sur le chemin du deuil.<\/p>\n\n\t\t<\/div>\n\t<\/div>\n\n\t<div  class=\"wpb_single_image wpb_content_element vc_align_left wpb_content_element vc_custom_1751902403323\">\n\t\t\n\t\t<figure class=\"wpb_wrapper vc_figure\">\n\t\t\t<div class=\"vc_single_image-wrapper vc_box_rounded  vc_box_border_grey\"><img loading=\"lazy\" decoding=\"async\" class=\"vc_single_image-img \" src=\"https:\/\/inmemo.net\/wp-content\/uploads\/2025\/06\/Silent_Therapy-800x370.jpg\" width=\"800\" height=\"370\" alt=\"Silent_Therapy\" title=\"Silent_Therapy\" loading=\"lazy\" \/><\/div>\n\t\t<\/figure>\n\t<\/div>\n\n\t<div class=\"wpb_text_column wpb_content_element\" >\n\t\t<div class=\"wpb_wrapper\">\n\t\t\t<p>Notre mission premi\u00e8re est d\u2019informer les endeuill\u00e9s sur les proc\u00e9dures administratives li\u00e9es aux d\u00e9c\u00e8s.<\/p>\n\n\t\t<\/div>\n\t<\/div>\n<\/div><\/div><\/div><\/div><div class=\"vc_row wpb_row vc_row-fluid\"><div class=\"wpb_column vc_column_container vc_col-sm-12\"><div class=\"vc_column-inner\"><div class=\"wpb_wrapper\">\n\t<div  class=\"wpb_single_image wpb_content_element vc_align_center wpb_content_element\">\n\t\t\n\t\t<figure class=\"wpb_wrapper vc_figure\">\n\t\t\t<div class=\"vc_single_image-wrapper vc_box_rounded  vc_box_border_grey\"><img loading=\"lazy\" decoding=\"async\" class=\"vc_single_image-img \" src=\"https:\/\/inmemo.net\/wp-content\/uploads\/2025\/06\/Procedures-adm-liees-aux-deces-1280x370.webp\" width=\"1280\" height=\"370\" alt=\"Proc\u00e9dures adm li\u00e9es aux d\u00e9c\u00e8s\" title=\"Proc\u00e9dures adm li\u00e9es aux d\u00e9c\u00e8s\" loading=\"lazy\" \/><\/div>\n\t\t<\/figure>\n\t<\/div>\n\n\t<div class=\"wpb_text_column wpb_content_element\" >\n\t\t<div class=\"wpb_wrapper\">\n\t\t\t<p>Nous mettons aussi \u00e0 disposition une plateforme pour rassembler les souvenirs et les hommages des d\u00e9funts avec des espaces d\u00e9di\u00e9s pour rester toujours proches des personnes qui nous ont pr\u00e9c\u00e9d\u00e9 dans l\u2019au-del\u00e0.<\/p>\n\n\t\t<\/div>\n\t<\/div>\n<div class=\"wpb_gallery wpb_content_element vc_clearfix wpb_content_element\" ><div class=\"wpb_wrapper\"><div class=\"wpb_gallery_slides wpb_flexslider flexslider_fade flexslider\" data-interval=\"3\" data-flex_fx=\"fade\"><ul class=\"slides\"><li><img loading=\"lazy\" decoding=\"async\" class=\"\" src=\"https:\/\/inmemo.net\/wp-content\/uploads\/2025\/06\/souvenir-1-1280x370.jpg\" width=\"1280\" height=\"370\" alt=\"souvenir 1\" title=\"souvenir 1\" loading=\"lazy\" \/><\/li><li><img loading=\"lazy\" decoding=\"async\" class=\"\" src=\"https:\/\/inmemo.net\/wp-content\/uploads\/2025\/06\/souvenir-2-1280x370.jpg\" width=\"1280\" height=\"370\" alt=\"souvenir 2\" title=\"souvenir 2\" loading=\"lazy\" \/><\/li><li><img loading=\"lazy\" decoding=\"async\" class=\"\" src=\"https:\/\/inmemo.net\/wp-content\/uploads\/2025\/06\/souvenir-3-1280x370.jpg\" width=\"1280\" height=\"370\" alt=\"souvenir 3\" title=\"souvenir 3\" loading=\"lazy\" \/><\/li><\/ul><\/div><\/div><\/div><\/div><\/div><\/div><\/div>\n<\/div>","protected":false},"excerpt":{"rendered":"INMEMO-CI a \u00e9t\u00e9 cr\u00e9\u00e9 en 2025 avec pour mission de prendre soin des endeuill\u00e9s dans l\u2019organisation des obs\u00e8ques, premier pas sur le chemin du deuil. Notre mission premi\u00e8re est d\u2019informer les endeuill\u00e9s sur les proc\u00e9dures administratives li\u00e9es aux d\u00e9c\u00e8s. Nous mettons aussi \u00e0 disposition une plateforme pour rassembler les souvenirs et les hommages des d\u00e9funts avec des espaces d\u00e9di\u00e9s pour rester toujours proches des personnes qui nous ont pr\u00e9c\u00e9d\u00e9 dans l\u2019au-del\u00e0.","protected":false},"author":1,"featured_media":0,"parent":0,"menu_order":0,"comment_status":"closed","ping_status":"closed","template":"","meta":{"_themeisle_gutenberg_block_has_review":false,"footnotes":""},"class_list":["post-1037","page","type-page","status-publish","hentry"],"yoast_head":"<!-- This site is optimized with the Yoast SEO plugin v27.6 - https:\/\/yoast.com\/product\/yoast-seo-wordpress\/ -->\n<title>Notre mission - inmemo<\/title>\n<meta name=\"robots\" content=\"index, follow, max-snippet:-1, max-image-preview:large, max-video-preview:-1\" \/>\n<link rel=\"canonical\" href=\"https:\/\/inmemo.net\/?page_id=1037\" \/>\n<meta property=\"og:locale\" content=\"fr_FR\" \/>\n<meta property=\"og:type\" content=\"article\" \/>\n<meta property=\"og:title\" content=\"Notre mission - inmemo\" \/>\n<meta property=\"og:url\" content=\"https:\/\/inmemo.net\/?page_id=1037\" \/>\n<meta property=\"og:site_name\" content=\"inmemo\" \/>\n<meta property=\"article:modified_time\" content=\"2025-07-07T15:34:22+00:00\" \/>\n<meta name=\"twitter:card\" content=\"summary_large_image\" \/>\n<meta name=\"twitter:label1\" content=\"Dur\u00e9e de lecture estim\u00e9e\" \/>\n\t<meta name=\"twitter:data1\" content=\"1 minute\" \/>\n<script type=\"application\/ld+json\" class=\"yoast-schema-graph\">{\"@context\":\"https:\\\/\\\/schema.org\",\"@graph\":[{\"@type\":\"WebPage\",\"@id\":\"https:\\\/\\\/inmemo.net\\\/?page_id=1037\",\"url\":\"https:\\\/\\\/inmemo.net\\\/?page_id=1037\",\"name\":\"Notre mission - inmemo\",\"isPartOf\":{\"@id\":\"https:\\\/\\\/inmemo.net\\\/#website\"},\"datePublished\":\"2025-07-05T13:38:42+00:00\",\"dateModified\":\"2025-07-07T15:34:22+00:00\",\"breadcrumb\":{\"@id\":\"https:\\\/\\\/inmemo.net\\\/?page_id=1037#breadcrumb\"},\"inLanguage\":\"fr-FR\",\"potentialAction\":[{\"@type\":\"ReadAction\",\"target\":[\"https:\\\/\\\/inmemo.net\\\/?page_id=1037\"]}]},{\"@type\":\"BreadcrumbList\",\"@id\":\"https:\\\/\\\/inmemo.net\\\/?page_id=1037#breadcrumb\",\"itemListElement\":[{\"@type\":\"ListItem\",\"position\":1,\"name\":\"Home\",\"item\":\"https:\\\/\\\/inmemo.net\\\/\"},{\"@type\":\"ListItem\",\"position\":2,\"name\":\"Notre mission\"}]},{\"@type\":\"WebSite\",\"@id\":\"https:\\\/\\\/inmemo.net\\\/#website\",\"url\":\"https:\\\/\\\/inmemo.net\\\/\",\"name\":\"inmemo\",\"description\":\"Rendez vos souvenir inoubliables\",\"potentialAction\":[{\"@type\":\"SearchAction\",\"target\":{\"@type\":\"EntryPoint\",\"urlTemplate\":\"https:\\\/\\\/inmemo.net\\\/?s={search_term_string}\"},\"query-input\":{\"@type\":\"PropertyValueSpecification\",\"valueRequired\":true,\"valueName\":\"search_term_string\"}}],\"inLanguage\":\"fr-FR\"}]}<\/script>\n<!-- \/ Yoast SEO plugin. -->","yoast_head_json":{"title":"Notre mission - inmemo","robots":{"index":"index","follow":"follow","max-snippet":"max-snippet:-1","max-image-preview":"max-image-preview:large","max-video-preview":"max-video-preview:-1"},"canonical":"https:\/\/inmemo.net\/?page_id=1037","og_locale":"fr_FR","og_type":"article","og_title":"Notre mission - inmemo","og_url":"https:\/\/inmemo.net\/?page_id=1037","og_site_name":"inmemo","article_modified_time":"2025-07-07T15:34:22+00:00","twitter_card":"summary_large_image","twitter_misc":{"Dur\u00e9e de lecture estim\u00e9e":"1 minute"},"schema":{"@context":"https:\/\/schema.org","@graph":[{"@type":"WebPage","@id":"https:\/\/inmemo.net\/?page_id=1037","url":"https:\/\/inmemo.net\/?page_id=1037","name":"Notre mission - inmemo","isPartOf":{"@id":"https:\/\/inmemo.net\/#website"},"datePublished":"2025-07-05T13:38:42+00:00","dateModified":"2025-07-07T15:34:22+00:00","breadcrumb":{"@id":"https:\/\/inmemo.net\/?page_id=1037#breadcrumb"},"inLanguage":"fr-FR","potentialAction":[{"@type":"ReadAction","target":["https:\/\/inmemo.net\/?page_id=1037"]}]},{"@type":"BreadcrumbList","@id":"https:\/\/inmemo.net\/?page_id=1037#breadcrumb","itemListElement":[{"@type":"ListItem","position":1,"name":"Home","item":"https:\/\/inmemo.net\/"},{"@type":"ListItem","position":2,"name":"Notre mission"}]},{"@type":"WebSite","@id":"https:\/\/inmemo.net\/#website","url":"https:\/\/inmemo.net\/","name":"inmemo","description":"Rendez vos souvenir inoubliables","potentialAction":[{"@type":"SearchAction","target":{"@type":"EntryPoint","urlTemplate":"https:\/\/inmemo.net\/?s={search_term_string}"},"query-input":{"@type":"PropertyValueSpecification","valueRequired":true,"valueName":"search_term_string"}}],"inLanguage":"fr-FR"}]}},"_links":{"self":[{"href":"https:\/\/inmemo.net\/index.php?rest_route=\/wp\/v2\/pages\/1037","targetHints":{"allow":["GET"]}}],"collection":[{"href":"https:\/\/inmemo.net\/index.php?rest_route=\/wp\/v2\/pages"}],"about":[{"href":"https:\/\/inmemo.net\/index.php?rest_route=\/wp\/v2\/types\/page"}],"author":[{"embeddable":true,"href":"https:\/\/inmemo.net\/index.php?rest_route=\/wp\/v2\/users\/1"}],"replies":[{"embeddable":true,"href":"https:\/\/inmemo.net\/index.php?rest_route=%2Fwp%2Fv2%2Fcomments&post=1037"}],"version-history":[{"count":3,"href":"https:\/\/inmemo.net\/index.php?rest_route=\/wp\/v2\/pages\/1037\/revisions"}],"predecessor-version":[{"id":1108,"href":"https:\/\/inmemo.net\/index.php?rest_route=\/wp\/v2\/pages\/1037\/revisions\/1108"}],"wp:attachment":[{"href":"https:\/\/inmemo.net\/index.php?rest_route=%2Fwp%2Fv2%2Fmedia&parent=1037"}],"curies":[{"name":"wp","href":"https:\/\/api.w.org\/{rel}","templated":true}]}}