{"id":1040,"date":"2025-07-05T13:42:38","date_gmt":"2025-07-05T13:42:38","guid":{"rendered":"https:\/\/inmemo.net\/?page_id=1040"},"modified":"2025-07-07T15:54:13","modified_gmt":"2025-07-07T15:54:13","slug":"politique-de-confidentialite-2","status":"publish","type":"page","link":"https:\/\/inmemo.net\/?page_id=1040","title":{"rendered":"Politique de confidentialit\u00e9"},"content":{"rendered":"<div class=\"wpb-content-wrapper\"><div class=\"vc_row wpb_row vc_row-fluid\"><div class=\"wpb_column vc_column_container vc_col-sm-12\"><div class=\"vc_column-inner\"><div class=\"wpb_wrapper\">\n\t<div class=\"wpb_text_column wpb_content_element\" >\n\t\t<div class=\"wpb_wrapper\">\n\t\t\t<p><strong>Notre site ne demande pas d&#8217;enregistrement nominatif \u00e0 ses visiteurs et ne proc\u00e8de \u00e0 aucun enregistrement nominatif pour la simple consultation de ses pages.<\/strong><\/p>\n<p>Cependant, dans certains cas (formulaire de contact, fonctionnalit\u00e9s de partage et modules sociaux, rubrique cr\u00e9ation de compte, paiement en ligne&#8230;), vous pouvez \u00eatre invit\u00e9 \u00e0 laisser des donn\u00e9es personnelles (noms, pr\u00e9noms, num\u00e9ros de t\u00e9l\u00e9phones, adresses postales, adresse \u00e9lectronique\u2026). Le caract\u00e8re obligatoire ou facultatif des donn\u00e9es vous est signal\u00e9 lors de la collecte par un ast\u00e9risque.<\/p>\n<p>Le cas \u00e9ch\u00e9ant, le formulaire de collecte pourra \u00eatre accompagn\u00e9 d&#8217;une case \u00e0 cocher vous permettant d&#8217;accepter ou de refuser que vos donn\u00e9es soient utilis\u00e9es \u00e0 des fins commerciales pour le compte de tiers, et\/ou c\u00e9d\u00e9es \u00e0 des tiers.<\/p>\n<p><strong>Nous ne collectons aucune donn\u00e9e sensible, \u00e0 savoir aucune donn\u00e9e relative \u00e0 vos origines raciales ou ethniques, \u00e0 vos opinions politiques, philosophiques ou religieuses ou votre appartenance syndicale, ou qui sont relatives \u00e0 votre sant\u00e9 ou votre vie sexuelle.<\/strong><\/p>\n<p>Par ailleurs, lors de la consultation de notre site web et de l\u2019utilisation de nos services, nous sommes amen\u00e9s \u00e0 collecter et traiter des donn\u00e9es relatives \u00e0 votre navigation (notamment les cookies, et les pages que vous avez consult\u00e9es), et \u00e0 votre terminal (type de navigateur utilis\u00e9, mod\u00e8le et version de votre syst\u00e8me d\u2019exploitation, r\u00e9solution de votre \u00e9cran, pr\u00e9sence de certains plug-ins, \u2026). Ces donn\u00e9es seront utilis\u00e9es d\u2019une part pour adapter nos contenus et services \u00e0 vos besoins, et d\u2019autre part pour r\u00e9aliser des statistiques d\u2019utilisation de nos services afin de les rendre plus pertinents.<\/p>\n<p>Les donn\u00e9es personnelles communiqu\u00e9es sont n\u00e9cessaires aux fins de vous contacter. Elles sont destin\u00e9es \u00e0 l&#8217;annonceur (ci-apr\u00e8s \u00ab l\u2019Annonceur \u00bb) et ses sous-traitants. Conform\u00e9ment \u00e0 la loi ivoirienne n\u00b0 2013-450 du 19 juin 2013 relative \u00e0 la protection des donn\u00e9es \u00e0 caract\u00e8re personnel et au d\u00e9cret n\u00b0 2016-851 du 19 octobre 2016 fixant les modalit\u00e9s de mise en \u0153uvre de l\u2019archivage \u00e9lectronique, vous disposez de droits d\u2019acc\u00e8s, de rectification, d\u2019effacement, de portabilit\u00e9, de limitation, d\u2019opposition, de retrait de votre consentement \u00e0 tout moment et du droit d\u2019introduire une r\u00e9clamation aupr\u00e8s d\u2019une autorit\u00e9 de contr\u00f4le, ainsi que d\u2019organiser le sort de vos donn\u00e9es post-mortem. Vous pouvez exercer ces droits par courrier \u00e9lectronique \u00e0 l&#8217;adresse mail de l&#8217;annonceur (info@inmemo.net). Un justificatif d&#8217;identit\u00e9 pourra vous \u00eatre demand\u00e9. Nous conservons vos donn\u00e9es pendant la p\u00e9riode de prise de contact puis pendant la dur\u00e9e de prescription l\u00e9gale aux fins probatoire et de gestion des contentieux.<\/p>\n<p><strong>Nous nous r\u00e9servons le droit de modifier \u00e0 tout moment la pr\u00e9sente page. Nous vous invitons par cons\u00e9quent \u00e0 la consulter r\u00e9guli\u00e8rement afin de vous informer de ses \u00e9volutions.<\/strong><\/p>\n<p>Derni\u00e8re date de Mise \u00e0 jour : 07\/07\/2025<\/p>\n<p>Droit d\u2019acc\u00e8s au fichier informatis\u00e9\u00a0:<\/p>\n<p>L\u2019utilisation de ce site est r\u00e9serv\u00e9e \u00e0 un usage strictement personnel\u00a0: Toute reproduction ou repr\u00e9sentation, en tout ou partie, \u00e0 d\u2019autres fins sur un quelconque support est interdite sans autorisation \u00e9crite. Le non-respect de cette interdiction constitue une contrefa\u00e7on pouvant engager la responsabilit\u00e9 civile et p\u00e9nale du contrefacteur.<\/p>\n<p><strong>Les informations et communiqu\u00e9s publi\u00e9s dans ce site sont non contractuels et les documents qui font foi, au plan juridique, sont ceux qui ont fait l\u2019objet d\u2019annonces l\u00e9gales et\/ou du visa des autorit\u00e9s de place.<\/strong><\/p>\n<p>Ce site est \u00e9dit\u00e9 par :<\/p>\n<p>Nom ou Raison sociale :<br \/>\nAdresse :<br \/>\nVille :<br \/>\nT\u00e9l\u00e9phone :<br \/>\nAdresse \u00e9lectronique :<\/p>\n<p>L&#8217;h\u00e9bergement est assur\u00e9 par LWS.<\/p>\n\n\t\t<\/div>\n\t<\/div>\n<\/div><\/div><\/div><\/div>\n<\/div>","protected":false},"excerpt":{"rendered":"Notre site ne demande pas d'enregistrement nominatif \u00e0 ses visiteurs et ne proc\u00e8de \u00e0 aucun enregistrement nominatif pour la simple consultation de ses pages. Cependant, dans certains cas (formulaire de contact, fonctionnalit\u00e9s de partage et modules sociaux, rubrique cr\u00e9ation de compte, paiement en ligne...), vous pouvez \u00eatre invit\u00e9 \u00e0 laisser des donn\u00e9es personnelles (noms, pr\u00e9noms, num\u00e9ros de t\u00e9l\u00e9phones, adresses postales, adresse \u00e9lectronique\u2026). Le caract\u00e8re obligatoire ou facultatif des donn\u00e9es vous est signal\u00e9 lors de la collecte par un ast\u00e9risque. Le cas \u00e9ch\u00e9ant, le formulaire de collecte pourra \u00eatre accompagn\u00e9 d'une case \u00e0 cocher vous permettant d'accepter ou de refuser que vos donn\u00e9es soient utilis\u00e9es \u00e0 des fins commerciales pour le compte de tiers, et\/ou c\u00e9d\u00e9es \u00e0 des tiers. Nous ne collectons aucune donn\u00e9e sensible, \u00e0 savoir aucune donn\u00e9e relative \u00e0 vos origines raciales ou ethniques, \u00e0 vos opinions politiques, philosophiques ou religieuses ou votre appartenance syndicale, ou qui sont relatives \u00e0 votre sant\u00e9 ou votre vie sexuelle. Par ailleurs, lors de la consultation de notre site web et de l\u2019utilisation de nos services, nous sommes amen\u00e9s \u00e0 collecter et traiter des donn\u00e9es relatives \u00e0 votre navigation (notamment les cookies, et les pages que vous avez consult\u00e9es), et \u00e0 votre terminal (type de navigateur utilis\u00e9, mod\u00e8le et version de votre syst\u00e8me d\u2019exploitation, r\u00e9solution de votre \u00e9cran, pr\u00e9sence de certains plug-ins, \u2026). Ces donn\u00e9es seront utilis\u00e9es d\u2019une part pour adapter nos contenus et services \u00e0 vos besoins, et d\u2019autre part pour r\u00e9aliser des statistiques d\u2019utilisation de nos services afin de les rendre plus pertinents. Les donn\u00e9es personnelles communiqu\u00e9es sont n\u00e9cessaires aux fins de vous contacter. Elles sont destin\u00e9es \u00e0 l'annonceur (ci-apr\u00e8s \u00ab l\u2019Annonceur \u00bb) et ses sous-traitants. Conform\u00e9ment \u00e0 la loi ivoirienne n\u00b0 2013-450 du 19 juin 2013 relative \u00e0 la protection des donn\u00e9es \u00e0 caract\u00e8re personnel et au d\u00e9cret n\u00b0 2016-851 du 19 octobre 2016 fixant les modalit\u00e9s de mise en \u0153uvre de l\u2019archivage \u00e9lectronique, vous disposez de droits d\u2019acc\u00e8s, de rectification, d\u2019effacement, de portabilit\u00e9, de limitation, d\u2019opposition, de retrait de votre consentement \u00e0 tout moment et du droit d\u2019introduire une r\u00e9clamation aupr\u00e8s d\u2019une autorit\u00e9 de contr\u00f4le, ainsi que d\u2019organiser le sort de vos donn\u00e9es post-mortem. Vous pouvez exercer ces droits par courrier \u00e9lectronique \u00e0 l'adresse mail de l'annonceur (info@inmemo.net). Un justificatif d'identit\u00e9 pourra vous \u00eatre demand\u00e9. Nous conservons vos donn\u00e9es pendant la p\u00e9riode de prise de contact puis pendant la dur\u00e9e de prescription l\u00e9gale aux fins probatoire et de gestion des contentieux. Nous nous r\u00e9servons le droit de modifier \u00e0 tout moment la pr\u00e9sente page. Nous vous invitons par cons\u00e9quent \u00e0 la consulter r\u00e9guli\u00e8rement afin de vous informer de ses \u00e9volutions. Derni\u00e8re date de Mise \u00e0 jour : 07\/07\/2025 Droit d\u2019acc\u00e8s au fichier informatis\u00e9\u00a0: L\u2019utilisation de ce site est r\u00e9serv\u00e9e \u00e0 un usage strictement personnel\u00a0: Toute reproduction ou repr\u00e9sentation, en tout ou partie, \u00e0 d\u2019autres fins sur un quelconque support est interdite sans autorisation \u00e9crite. Le non-respect de cette interdiction constitue une contrefa\u00e7on pouvant engager la responsabilit\u00e9 civile et p\u00e9nale du contrefacteur. Les informations et communiqu\u00e9s publi\u00e9s dans ce site sont non contractuels et les documents qui font foi, au plan juridique, sont ceux qui ont fait l\u2019objet d\u2019annonces l\u00e9gales [...]","protected":false},"author":1,"featured_media":0,"parent":0,"menu_order":0,"comment_status":"closed","ping_status":"closed","template":"","meta":{"_themeisle_gutenberg_block_has_review":false,"footnotes":""},"class_list":["post-1040","page","type-page","status-publish","hentry"],"yoast_head":"<!-- This site is optimized with the Yoast SEO plugin v27.6 - https:\/\/yoast.com\/product\/yoast-seo-wordpress\/ -->\n<title>Politique de confidentialit\u00e9 - inmemo<\/title>\n<meta name=\"robots\" content=\"index, follow, max-snippet:-1, max-image-preview:large, max-video-preview:-1\" \/>\n<link rel=\"canonical\" href=\"https:\/\/inmemo.net\/?page_id=1040\" \/>\n<meta property=\"og:locale\" content=\"fr_FR\" \/>\n<meta property=\"og:type\" content=\"article\" \/>\n<meta property=\"og:title\" content=\"Politique de confidentialit\u00e9 - inmemo\" \/>\n<meta property=\"og:url\" content=\"https:\/\/inmemo.net\/?page_id=1040\" \/>\n<meta property=\"og:site_name\" content=\"inmemo\" \/>\n<meta property=\"article:modified_time\" content=\"2025-07-07T15:54:13+00:00\" \/>\n<meta name=\"twitter:card\" content=\"summary_large_image\" \/>\n<meta name=\"twitter:label1\" content=\"Dur\u00e9e de lecture estim\u00e9e\" \/>\n\t<meta name=\"twitter:data1\" content=\"1 minute\" \/>\n<script type=\"application\/ld+json\" class=\"yoast-schema-graph\">{\"@context\":\"https:\\\/\\\/schema.org\",\"@graph\":[{\"@type\":\"WebPage\",\"@id\":\"https:\\\/\\\/inmemo.net\\\/?page_id=1040\",\"url\":\"https:\\\/\\\/inmemo.net\\\/?page_id=1040\",\"name\":\"Politique de confidentialit\u00e9 - inmemo\",\"isPartOf\":{\"@id\":\"https:\\\/\\\/inmemo.net\\\/#website\"},\"datePublished\":\"2025-07-05T13:42:38+00:00\",\"dateModified\":\"2025-07-07T15:54:13+00:00\",\"breadcrumb\":{\"@id\":\"https:\\\/\\\/inmemo.net\\\/?page_id=1040#breadcrumb\"},\"inLanguage\":\"fr-FR\",\"potentialAction\":[{\"@type\":\"ReadAction\",\"target\":[\"https:\\\/\\\/inmemo.net\\\/?page_id=1040\"]}]},{\"@type\":\"BreadcrumbList\",\"@id\":\"https:\\\/\\\/inmemo.net\\\/?page_id=1040#breadcrumb\",\"itemListElement\":[{\"@type\":\"ListItem\",\"position\":1,\"name\":\"Home\",\"item\":\"https:\\\/\\\/inmemo.net\\\/\"},{\"@type\":\"ListItem\",\"position\":2,\"name\":\"Politique de confidentialit\u00e9\"}]},{\"@type\":\"WebSite\",\"@id\":\"https:\\\/\\\/inmemo.net\\\/#website\",\"url\":\"https:\\\/\\\/inmemo.net\\\/\",\"name\":\"inmemo\",\"description\":\"Rendez vos souvenir inoubliables\",\"potentialAction\":[{\"@type\":\"SearchAction\",\"target\":{\"@type\":\"EntryPoint\",\"urlTemplate\":\"https:\\\/\\\/inmemo.net\\\/?s={search_term_string}\"},\"query-input\":{\"@type\":\"PropertyValueSpecification\",\"valueRequired\":true,\"valueName\":\"search_term_string\"}}],\"inLanguage\":\"fr-FR\"}]}<\/script>\n<!-- \/ Yoast SEO plugin. -->","yoast_head_json":{"title":"Politique de confidentialit\u00e9 - inmemo","robots":{"index":"index","follow":"follow","max-snippet":"max-snippet:-1","max-image-preview":"max-image-preview:large","max-video-preview":"max-video-preview:-1"},"canonical":"https:\/\/inmemo.net\/?page_id=1040","og_locale":"fr_FR","og_type":"article","og_title":"Politique de confidentialit\u00e9 - inmemo","og_url":"https:\/\/inmemo.net\/?page_id=1040","og_site_name":"inmemo","article_modified_time":"2025-07-07T15:54:13+00:00","twitter_card":"summary_large_image","twitter_misc":{"Dur\u00e9e de lecture estim\u00e9e":"1 minute"},"schema":{"@context":"https:\/\/schema.org","@graph":[{"@type":"WebPage","@id":"https:\/\/inmemo.net\/?page_id=1040","url":"https:\/\/inmemo.net\/?page_id=1040","name":"Politique de confidentialit\u00e9 - inmemo","isPartOf":{"@id":"https:\/\/inmemo.net\/#website"},"datePublished":"2025-07-05T13:42:38+00:00","dateModified":"2025-07-07T15:54:13+00:00","breadcrumb":{"@id":"https:\/\/inmemo.net\/?page_id=1040#breadcrumb"},"inLanguage":"fr-FR","potentialAction":[{"@type":"ReadAction","target":["https:\/\/inmemo.net\/?page_id=1040"]}]},{"@type":"BreadcrumbList","@id":"https:\/\/inmemo.net\/?page_id=1040#breadcrumb","itemListElement":[{"@type":"ListItem","position":1,"name":"Home","item":"https:\/\/inmemo.net\/"},{"@type":"ListItem","position":2,"name":"Politique de confidentialit\u00e9"}]},{"@type":"WebSite","@id":"https:\/\/inmemo.net\/#website","url":"https:\/\/inmemo.net\/","name":"inmemo","description":"Rendez vos souvenir inoubliables","potentialAction":[{"@type":"SearchAction","target":{"@type":"EntryPoint","urlTemplate":"https:\/\/inmemo.net\/?s={search_term_string}"},"query-input":{"@type":"PropertyValueSpecification","valueRequired":true,"valueName":"search_term_string"}}],"inLanguage":"fr-FR"}]}},"_links":{"self":[{"href":"https:\/\/inmemo.net\/index.php?rest_route=\/wp\/v2\/pages\/1040","targetHints":{"allow":["GET"]}}],"collection":[{"href":"https:\/\/inmemo.net\/index.php?rest_route=\/wp\/v2\/pages"}],"about":[{"href":"https:\/\/inmemo.net\/index.php?rest_route=\/wp\/v2\/types\/page"}],"author":[{"embeddable":true,"href":"https:\/\/inmemo.net\/index.php?rest_route=\/wp\/v2\/users\/1"}],"replies":[{"embeddable":true,"href":"https:\/\/inmemo.net\/index.php?rest_route=%2Fwp%2Fv2%2Fcomments&post=1040"}],"version-history":[{"count":2,"href":"https:\/\/inmemo.net\/index.php?rest_route=\/wp\/v2\/pages\/1040\/revisions"}],"predecessor-version":[{"id":1112,"href":"https:\/\/inmemo.net\/index.php?rest_route=\/wp\/v2\/pages\/1040\/revisions\/1112"}],"wp:attachment":[{"href":"https:\/\/inmemo.net\/index.php?rest_route=%2Fwp%2Fv2%2Fmedia&parent=1040"}],"curies":[{"name":"wp","href":"https:\/\/api.w.org\/{rel}","templated":true}]}}