{"id":1045,"date":"2025-07-05T13:49:47","date_gmt":"2025-07-05T13:49:47","guid":{"rendered":"https:\/\/inmemo.net\/?page_id=1045"},"modified":"2025-08-22T14:52:41","modified_gmt":"2025-08-22T14:52:41","slug":"contacts-importants","status":"publish","type":"page","link":"https:\/\/inmemo.net\/?page_id=1045","title":{"rendered":"Contacts importants"},"content":{"rendered":"<div class=\"wpb-content-wrapper\"><div class=\"vc_row wpb_row vc_row-fluid\"><div class=\"wpb_column vc_column_container vc_col-sm-12\"><div class=\"vc_column-inner\"><div class=\"wpb_wrapper\"><div class=\"vc_separator wpb_content_element vc_separator_align_center vc_sep_width_100 vc_sep_pos_align_center vc_sep_color_grey wpb_content_element vc_separator-has-text\" id=\"ELEME\"><span class=\"vc_sep_holder vc_sep_holder_l\"><span class=\"vc_sep_line\"><\/span><\/span><div class=\"vc_icon_element vc_icon_element-outer vc_do_icon vc_icon_element-align-left\"><div class=\"vc_icon_element-inner vc_icon_element-color-green vc_icon_element-size-md vc_icon_element-style- vc_icon_element-background-color-grey\" ><span class=\"vc_icon_element-icon fas fa-cross\" ><\/span><\/div><\/div><h4>Pompes fun\u00e8bres de C\u00f4te d'Ivoire<\/h4><span class=\"vc_sep_holder vc_sep_holder_r\"><span class=\"vc_sep_line\"><\/span><\/span>\n<\/div><div class=\"vc_btn3-container vc_btn3-center vc_do_btn\" ><button class=\"vc_general vc_btn3 vc_btn3-size-lg vc_btn3-shape-rounded vc_btn3-style-modern vc_btn3-block vc_btn3-color-primary\">IVOSEP<\/button><\/div><div class=\"vc_btn3-container vc_btn3-center vc_do_btn\" ><button class=\"vc_general vc_btn3 vc_btn3-size-lg vc_btn3-shape-rounded vc_btn3-style-modern vc_btn3-block vc_btn3-color-green\">FUNE INFO<\/button><\/div><div class=\"vc_btn3-container vc_btn3-center vc_do_btn\" ><button class=\"vc_general vc_btn3 vc_btn3-size-lg vc_btn3-shape-rounded vc_btn3-style-modern vc_btn3-block vc_btn3-color-primary\">SIPOFU<\/button><\/div><div class=\"vc_btn3-container vc_btn3-center vc_do_btn\" ><button class=\"vc_general vc_btn3 vc_btn3-size-lg vc_btn3-shape-rounded vc_btn3-style-modern vc_btn3-block vc_btn3-color-green\">PFGA (Pompes Fun\u00e8bres G\u00e9n\u00e9rales d\u2019Afrique)<\/button><\/div><div class=\"vc_separator wpb_content_element vc_separator_align_center vc_sep_width_100 vc_sep_pos_align_center vc_sep_color_grey wpb_content_element vc_separator-has-text\" ><span class=\"vc_sep_holder vc_sep_holder_l\"><span class=\"vc_sep_line\"><\/span><\/span><div class=\"vc_icon_element vc_icon_element-outer vc_do_icon vc_icon_element-align-left\"><div class=\"vc_icon_element-inner vc_icon_element-color-green vc_icon_element-size-md vc_icon_element-style- vc_icon_element-background-color-grey\" ><span class=\"vc_icon_element-icon fas fa-cross\" ><\/span><\/div><\/div><h4>Pompes fun\u00e8bres de France<\/h4><span class=\"vc_sep_holder vc_sep_holder_r\"><span class=\"vc_sep_line\"><\/span><\/span>\n<\/div><div class=\"vc_btn3-container vc_btn3-center vc_do_btn\" ><button class=\"vc_general vc_btn3 vc_btn3-size-lg vc_btn3-shape-rounded vc_btn3-style-modern vc_btn3-block vc_btn3-color-primary\">POMPES FUNEBRES DE FRANCE<\/button><\/div><div class=\"vc_btn3-container vc_btn3-center vc_do_btn\" ><button class=\"vc_general vc_btn3 vc_btn3-size-lg vc_btn3-shape-rounded vc_btn3-style-modern vc_btn3-block vc_btn3-color-green\">POFCI (Pompes Fun\u00e8bres CI)<\/button><\/div><div class=\"vc_btn3-container vc_btn3-center vc_do_btn\" ><button class=\"vc_general vc_btn3 vc_btn3-size-lg vc_btn3-shape-rounded vc_btn3-style-modern vc_btn3-block vc_btn3-color-primary\">PFEA (Pompes fun\u00e8bres Essiagne Agnero)<\/button><\/div><\/div><\/div><\/div><\/div>\n<\/div>","protected":false},"excerpt":{"rendered":"Pompes fun\u00e8bres de C\u00f4te d'Ivoire IVOSEPFUNE INFOSIPOFUPFGA (Pompes Fun\u00e8bres G\u00e9n\u00e9rales d\u2019Afrique)Pompes fun\u00e8bres de France POMPES FUNEBRES DE FRANCEPOFCI (Pompes Fun\u00e8bres CI)PFEA (Pompes fun\u00e8bres Essiagne Agnero)","protected":false},"author":1,"featured_media":0,"parent":0,"menu_order":0,"comment_status":"closed","ping_status":"closed","template":"","meta":{"_themeisle_gutenberg_block_has_review":false,"footnotes":""},"class_list":["post-1045","page","type-page","status-publish","hentry"],"yoast_head":"<!-- This site is optimized with the Yoast SEO plugin v27.6 - https:\/\/yoast.com\/product\/yoast-seo-wordpress\/ -->\n<title>Contacts importants - inmemo<\/title>\n<meta name=\"robots\" content=\"index, follow, max-snippet:-1, max-image-preview:large, max-video-preview:-1\" \/>\n<link rel=\"canonical\" href=\"https:\/\/inmemo.net\/?page_id=1045\" \/>\n<meta property=\"og:locale\" content=\"fr_FR\" \/>\n<meta property=\"og:type\" content=\"article\" \/>\n<meta property=\"og:title\" content=\"Contacts importants - inmemo\" \/>\n<meta property=\"og:url\" content=\"https:\/\/inmemo.net\/?page_id=1045\" \/>\n<meta property=\"og:site_name\" content=\"inmemo\" \/>\n<meta property=\"article:modified_time\" content=\"2025-08-22T14:52:41+00:00\" \/>\n<meta name=\"twitter:card\" content=\"summary_large_image\" \/>\n<meta name=\"twitter:label1\" content=\"Dur\u00e9e de lecture estim\u00e9e\" \/>\n\t<meta name=\"twitter:data1\" content=\"1 minute\" \/>\n<script type=\"application\/ld+json\" class=\"yoast-schema-graph\">{\"@context\":\"https:\\\/\\\/schema.org\",\"@graph\":[{\"@type\":\"WebPage\",\"@id\":\"https:\\\/\\\/inmemo.net\\\/?page_id=1045\",\"url\":\"https:\\\/\\\/inmemo.net\\\/?page_id=1045\",\"name\":\"Contacts importants - inmemo\",\"isPartOf\":{\"@id\":\"https:\\\/\\\/inmemo.net\\\/#website\"},\"datePublished\":\"2025-07-05T13:49:47+00:00\",\"dateModified\":\"2025-08-22T14:52:41+00:00\",\"breadcrumb\":{\"@id\":\"https:\\\/\\\/inmemo.net\\\/?page_id=1045#breadcrumb\"},\"inLanguage\":\"fr-FR\",\"potentialAction\":[{\"@type\":\"ReadAction\",\"target\":[\"https:\\\/\\\/inmemo.net\\\/?page_id=1045\"]}]},{\"@type\":\"BreadcrumbList\",\"@id\":\"https:\\\/\\\/inmemo.net\\\/?page_id=1045#breadcrumb\",\"itemListElement\":[{\"@type\":\"ListItem\",\"position\":1,\"name\":\"Home\",\"item\":\"https:\\\/\\\/inmemo.net\\\/\"},{\"@type\":\"ListItem\",\"position\":2,\"name\":\"Contacts importants\"}]},{\"@type\":\"WebSite\",\"@id\":\"https:\\\/\\\/inmemo.net\\\/#website\",\"url\":\"https:\\\/\\\/inmemo.net\\\/\",\"name\":\"inmemo\",\"description\":\"Rendez vos souvenir inoubliables\",\"potentialAction\":[{\"@type\":\"SearchAction\",\"target\":{\"@type\":\"EntryPoint\",\"urlTemplate\":\"https:\\\/\\\/inmemo.net\\\/?s={search_term_string}\"},\"query-input\":{\"@type\":\"PropertyValueSpecification\",\"valueRequired\":true,\"valueName\":\"search_term_string\"}}],\"inLanguage\":\"fr-FR\"}]}<\/script>\n<!-- \/ Yoast SEO plugin. -->","yoast_head_json":{"title":"Contacts importants - inmemo","robots":{"index":"index","follow":"follow","max-snippet":"max-snippet:-1","max-image-preview":"max-image-preview:large","max-video-preview":"max-video-preview:-1"},"canonical":"https:\/\/inmemo.net\/?page_id=1045","og_locale":"fr_FR","og_type":"article","og_title":"Contacts importants - inmemo","og_url":"https:\/\/inmemo.net\/?page_id=1045","og_site_name":"inmemo","article_modified_time":"2025-08-22T14:52:41+00:00","twitter_card":"summary_large_image","twitter_misc":{"Dur\u00e9e de lecture estim\u00e9e":"1 minute"},"schema":{"@context":"https:\/\/schema.org","@graph":[{"@type":"WebPage","@id":"https:\/\/inmemo.net\/?page_id=1045","url":"https:\/\/inmemo.net\/?page_id=1045","name":"Contacts importants - inmemo","isPartOf":{"@id":"https:\/\/inmemo.net\/#website"},"datePublished":"2025-07-05T13:49:47+00:00","dateModified":"2025-08-22T14:52:41+00:00","breadcrumb":{"@id":"https:\/\/inmemo.net\/?page_id=1045#breadcrumb"},"inLanguage":"fr-FR","potentialAction":[{"@type":"ReadAction","target":["https:\/\/inmemo.net\/?page_id=1045"]}]},{"@type":"BreadcrumbList","@id":"https:\/\/inmemo.net\/?page_id=1045#breadcrumb","itemListElement":[{"@type":"ListItem","position":1,"name":"Home","item":"https:\/\/inmemo.net\/"},{"@type":"ListItem","position":2,"name":"Contacts importants"}]},{"@type":"WebSite","@id":"https:\/\/inmemo.net\/#website","url":"https:\/\/inmemo.net\/","name":"inmemo","description":"Rendez vos souvenir inoubliables","potentialAction":[{"@type":"SearchAction","target":{"@type":"EntryPoint","urlTemplate":"https:\/\/inmemo.net\/?s={search_term_string}"},"query-input":{"@type":"PropertyValueSpecification","valueRequired":true,"valueName":"search_term_string"}}],"inLanguage":"fr-FR"}]}},"_links":{"self":[{"href":"https:\/\/inmemo.net\/index.php?rest_route=\/wp\/v2\/pages\/1045","targetHints":{"allow":["GET"]}}],"collection":[{"href":"https:\/\/inmemo.net\/index.php?rest_route=\/wp\/v2\/pages"}],"about":[{"href":"https:\/\/inmemo.net\/index.php?rest_route=\/wp\/v2\/types\/page"}],"author":[{"embeddable":true,"href":"https:\/\/inmemo.net\/index.php?rest_route=\/wp\/v2\/users\/1"}],"replies":[{"embeddable":true,"href":"https:\/\/inmemo.net\/index.php?rest_route=%2Fwp%2Fv2%2Fcomments&post=1045"}],"version-history":[{"count":13,"href":"https:\/\/inmemo.net\/index.php?rest_route=\/wp\/v2\/pages\/1045\/revisions"}],"predecessor-version":[{"id":1228,"href":"https:\/\/inmemo.net\/index.php?rest_route=\/wp\/v2\/pages\/1045\/revisions\/1228"}],"wp:attachment":[{"href":"https:\/\/inmemo.net\/index.php?rest_route=%2Fwp%2Fv2%2Fmedia&parent=1045"}],"curies":[{"name":"wp","href":"https:\/\/api.w.org\/{rel}","templated":true}]}}