{"id":1246,"date":"2025-08-23T12:59:52","date_gmt":"2025-08-23T12:59:52","guid":{"rendered":"https:\/\/inmemo.net\/?page_id=1246"},"modified":"2025-08-23T13:11:23","modified_gmt":"2025-08-23T13:11:23","slug":"sipofu","status":"publish","type":"page","link":"https:\/\/inmemo.net\/?page_id=1246","title":{"rendered":"Sipofu"},"content":{"rendered":"<div class=\"wpb-content-wrapper\"><div class=\"vc_row wpb_row vc_row-fluid\"><div class=\"wpb_column vc_column_container vc_col-sm-12\"><div class=\"vc_column-inner\"><div class=\"wpb_wrapper\">\n\t<div class=\"wpb_text_column wpb_content_element\" >\n\t\t<div class=\"wpb_wrapper\">\n\t\t\t<p>Adresse : Apr\u00e8s le cimeti\u00e8re municipal \u2013 Km 17 \u2013 Yopougon \u2013 01 BP 1513 Abidjan 01 \u2013 Abidjan \u2013 C\u00f4te d\u2019Ivoire<\/p>\n<p>Num\u00e9ro de tel\u00a0:<\/p>\n<p>+2252723594471<\/p>\n<p>+2250778474780<\/p>\n<p>Site internet\u00a0: <a href=\"https:\/\/www.sipofu.com\/\">https:\/\/www.sipofu.com\/<\/a><\/p>\n<p>Fiche\u00a0:<\/p>\n<p><strong>SIPOFU<\/strong> se propose d\u2019accompagner les familles endeuill\u00e9es \u00e0 chaque \u00e9tape de l\u2019organisation compl\u00e8te des fun\u00e9railles, par son expertise et ses conseils avis\u00e9s tout en respectant leur budget.<\/p>\n\n\t\t<\/div>\n\t<\/div>\n<\/div><\/div><\/div><\/div><div class=\"vc_row wpb_row vc_row-fluid\"><div class=\"wpb_column vc_column_container vc_col-sm-12\"><div class=\"vc_column-inner\"><div class=\"wpb_wrapper\">\n\t<div  class=\"wpb_single_image wpb_content_element vc_align_left wpb_content_element\">\n\t\t\n\t\t<figure class=\"wpb_wrapper vc_figure\">\n\t\t\t<div class=\"vc_single_image-wrapper   vc_box_border_grey\"><img fetchpriority=\"high\" decoding=\"async\" width=\"680\" height=\"115\" src=\"https:\/\/inmemo.net\/wp-content\/uploads\/2025\/08\/sipofu_cover-1024x173.jpeg\" class=\"vc_single_image-img attachment-large\" alt=\"\" title=\"sipofu_cover\" srcset=\"https:\/\/inmemo.net\/wp-content\/uploads\/2025\/08\/sipofu_cover-1024x173.jpeg 1024w, https:\/\/inmemo.net\/wp-content\/uploads\/2025\/08\/sipofu_cover-300x51.jpeg 300w, https:\/\/inmemo.net\/wp-content\/uploads\/2025\/08\/sipofu_cover-768x130.jpeg 768w, https:\/\/inmemo.net\/wp-content\/uploads\/2025\/08\/sipofu_cover-18x3.jpeg 18w, https:\/\/inmemo.net\/wp-content\/uploads\/2025\/08\/sipofu_cover-958x162.jpeg 958w, https:\/\/inmemo.net\/wp-content\/uploads\/2025\/08\/sipofu_cover.jpeg 1128w\" sizes=\"(max-width: 680px) 100vw, 680px\" \/><\/div>\n\t\t<\/figure>\n\t<\/div>\n<\/div><\/div><\/div><\/div><div class=\"vc_row wpb_row vc_row-fluid\"><div class=\"wpb_column vc_column_container vc_col-sm-12\"><div class=\"vc_column-inner\"><div class=\"wpb_wrapper\">\n\t<div  class=\"wpb_single_image wpb_content_element vc_align_left wpb_content_element\">\n\t\t\n\t\t<figure class=\"wpb_wrapper vc_figure\">\n\t\t\t<div class=\"vc_single_image-wrapper   vc_box_border_grey\"><img decoding=\"async\" width=\"150\" height=\"150\" src=\"https:\/\/inmemo.net\/wp-content\/uploads\/2025\/08\/logo-sipofu-150x150.gif\" class=\"vc_single_image-img attachment-thumbnail\" alt=\"\" title=\"logo sipofu\" srcset=\"https:\/\/inmemo.net\/wp-content\/uploads\/2025\/08\/logo-sipofu-150x150.gif 150w, https:\/\/inmemo.net\/wp-content\/uploads\/2025\/08\/logo-sipofu-300x300.gif 300w, https:\/\/inmemo.net\/wp-content\/uploads\/2025\/08\/logo-sipofu-12x12.gif 12w, https:\/\/inmemo.net\/wp-content\/uploads\/2025\/08\/logo-sipofu-100x100.gif 100w\" sizes=\"(max-width: 150px) 100vw, 150px\" \/><\/div>\n\t\t<\/figure>\n\t<\/div>\n<\/div><\/div><\/div><\/div>\n<\/div>","protected":false},"excerpt":{"rendered":"Adresse : Apr\u00e8s le cimeti\u00e8re municipal \u2013 Km 17 \u2013 Yopougon \u2013 01 BP 1513 Abidjan 01 \u2013 Abidjan \u2013 C\u00f4te d\u2019Ivoire Num\u00e9ro de tel\u00a0: +2252723594471 +2250778474780 Site internet\u00a0: https:\/\/www.sipofu.com\/ Fiche\u00a0: SIPOFU se propose d\u2019accompagner les familles endeuill\u00e9es \u00e0 chaque \u00e9tape de l\u2019organisation compl\u00e8te des fun\u00e9railles, par son expertise et ses conseils avis\u00e9s tout en respectant leur budget.","protected":false},"author":1,"featured_media":0,"parent":0,"menu_order":0,"comment_status":"closed","ping_status":"closed","template":"","meta":{"_themeisle_gutenberg_block_has_review":false,"footnotes":""},"class_list":["post-1246","page","type-page","status-publish","hentry"],"yoast_head":"<!-- This site is optimized with the Yoast SEO plugin v27.6 - https:\/\/yoast.com\/product\/yoast-seo-wordpress\/ -->\n<title>Sipofu - inmemo<\/title>\n<meta name=\"robots\" content=\"index, follow, max-snippet:-1, max-image-preview:large, max-video-preview:-1\" \/>\n<link rel=\"canonical\" href=\"https:\/\/inmemo.net\/?page_id=1246\" \/>\n<meta property=\"og:locale\" content=\"fr_FR\" \/>\n<meta property=\"og:type\" content=\"article\" \/>\n<meta property=\"og:title\" content=\"Sipofu - inmemo\" \/>\n<meta property=\"og:url\" content=\"https:\/\/inmemo.net\/?page_id=1246\" \/>\n<meta property=\"og:site_name\" content=\"inmemo\" \/>\n<meta property=\"article:modified_time\" content=\"2025-08-23T13:11:23+00:00\" \/>\n<meta name=\"twitter:card\" content=\"summary_large_image\" \/>\n<meta name=\"twitter:label1\" content=\"Dur\u00e9e de lecture estim\u00e9e\" \/>\n\t<meta name=\"twitter:data1\" content=\"1 minute\" \/>\n<script type=\"application\/ld+json\" class=\"yoast-schema-graph\">{\"@context\":\"https:\\\/\\\/schema.org\",\"@graph\":[{\"@type\":\"WebPage\",\"@id\":\"https:\\\/\\\/inmemo.net\\\/?page_id=1246\",\"url\":\"https:\\\/\\\/inmemo.net\\\/?page_id=1246\",\"name\":\"Sipofu - inmemo\",\"isPartOf\":{\"@id\":\"https:\\\/\\\/inmemo.net\\\/#website\"},\"datePublished\":\"2025-08-23T12:59:52+00:00\",\"dateModified\":\"2025-08-23T13:11:23+00:00\",\"breadcrumb\":{\"@id\":\"https:\\\/\\\/inmemo.net\\\/?page_id=1246#breadcrumb\"},\"inLanguage\":\"fr-FR\",\"potentialAction\":[{\"@type\":\"ReadAction\",\"target\":[\"https:\\\/\\\/inmemo.net\\\/?page_id=1246\"]}]},{\"@type\":\"BreadcrumbList\",\"@id\":\"https:\\\/\\\/inmemo.net\\\/?page_id=1246#breadcrumb\",\"itemListElement\":[{\"@type\":\"ListItem\",\"position\":1,\"name\":\"Home\",\"item\":\"https:\\\/\\\/inmemo.net\\\/\"},{\"@type\":\"ListItem\",\"position\":2,\"name\":\"Sipofu\"}]},{\"@type\":\"WebSite\",\"@id\":\"https:\\\/\\\/inmemo.net\\\/#website\",\"url\":\"https:\\\/\\\/inmemo.net\\\/\",\"name\":\"inmemo\",\"description\":\"Rendez vos souvenir inoubliables\",\"potentialAction\":[{\"@type\":\"SearchAction\",\"target\":{\"@type\":\"EntryPoint\",\"urlTemplate\":\"https:\\\/\\\/inmemo.net\\\/?s={search_term_string}\"},\"query-input\":{\"@type\":\"PropertyValueSpecification\",\"valueRequired\":true,\"valueName\":\"search_term_string\"}}],\"inLanguage\":\"fr-FR\"}]}<\/script>\n<!-- \/ Yoast SEO plugin. -->","yoast_head_json":{"title":"Sipofu - inmemo","robots":{"index":"index","follow":"follow","max-snippet":"max-snippet:-1","max-image-preview":"max-image-preview:large","max-video-preview":"max-video-preview:-1"},"canonical":"https:\/\/inmemo.net\/?page_id=1246","og_locale":"fr_FR","og_type":"article","og_title":"Sipofu - inmemo","og_url":"https:\/\/inmemo.net\/?page_id=1246","og_site_name":"inmemo","article_modified_time":"2025-08-23T13:11:23+00:00","twitter_card":"summary_large_image","twitter_misc":{"Dur\u00e9e de lecture estim\u00e9e":"1 minute"},"schema":{"@context":"https:\/\/schema.org","@graph":[{"@type":"WebPage","@id":"https:\/\/inmemo.net\/?page_id=1246","url":"https:\/\/inmemo.net\/?page_id=1246","name":"Sipofu - inmemo","isPartOf":{"@id":"https:\/\/inmemo.net\/#website"},"datePublished":"2025-08-23T12:59:52+00:00","dateModified":"2025-08-23T13:11:23+00:00","breadcrumb":{"@id":"https:\/\/inmemo.net\/?page_id=1246#breadcrumb"},"inLanguage":"fr-FR","potentialAction":[{"@type":"ReadAction","target":["https:\/\/inmemo.net\/?page_id=1246"]}]},{"@type":"BreadcrumbList","@id":"https:\/\/inmemo.net\/?page_id=1246#breadcrumb","itemListElement":[{"@type":"ListItem","position":1,"name":"Home","item":"https:\/\/inmemo.net\/"},{"@type":"ListItem","position":2,"name":"Sipofu"}]},{"@type":"WebSite","@id":"https:\/\/inmemo.net\/#website","url":"https:\/\/inmemo.net\/","name":"inmemo","description":"Rendez vos souvenir inoubliables","potentialAction":[{"@type":"SearchAction","target":{"@type":"EntryPoint","urlTemplate":"https:\/\/inmemo.net\/?s={search_term_string}"},"query-input":{"@type":"PropertyValueSpecification","valueRequired":true,"valueName":"search_term_string"}}],"inLanguage":"fr-FR"}]}},"_links":{"self":[{"href":"https:\/\/inmemo.net\/index.php?rest_route=\/wp\/v2\/pages\/1246","targetHints":{"allow":["GET"]}}],"collection":[{"href":"https:\/\/inmemo.net\/index.php?rest_route=\/wp\/v2\/pages"}],"about":[{"href":"https:\/\/inmemo.net\/index.php?rest_route=\/wp\/v2\/types\/page"}],"author":[{"embeddable":true,"href":"https:\/\/inmemo.net\/index.php?rest_route=\/wp\/v2\/users\/1"}],"replies":[{"embeddable":true,"href":"https:\/\/inmemo.net\/index.php?rest_route=%2Fwp%2Fv2%2Fcomments&post=1246"}],"version-history":[{"count":3,"href":"https:\/\/inmemo.net\/index.php?rest_route=\/wp\/v2\/pages\/1246\/revisions"}],"predecessor-version":[{"id":1251,"href":"https:\/\/inmemo.net\/index.php?rest_route=\/wp\/v2\/pages\/1246\/revisions\/1251"}],"wp:attachment":[{"href":"https:\/\/inmemo.net\/index.php?rest_route=%2Fwp%2Fv2%2Fmedia&parent=1246"}],"curies":[{"name":"wp","href":"https:\/\/api.w.org\/{rel}","templated":true}]}}