{"id":1258,"date":"2025-08-23T13:34:11","date_gmt":"2025-08-23T13:34:11","guid":{"rendered":"https:\/\/inmemo.net\/?page_id=1258"},"modified":"2025-08-23T13:38:00","modified_gmt":"2025-08-23T13:38:00","slug":"pompes-funebres-de-france","status":"publish","type":"page","link":"https:\/\/inmemo.net\/?page_id=1258","title":{"rendered":"Pompes Fun\u00e8bres de France"},"content":{"rendered":"<div class=\"wpb-content-wrapper\"><div class=\"vc_row wpb_row vc_row-fluid\"><div class=\"wpb_column vc_column_container vc_col-sm-12\"><div class=\"vc_column-inner\"><div class=\"wpb_wrapper\">\n\t<div class=\"wpb_text_column wpb_content_element\" >\n\t\t<div class=\"wpb_wrapper\">\n\t\t\t<p>Pompes Fun\u00e8bres de France<\/p>\n<p>Adresse\u00a0:<\/p>\n<p>Num\u00e9ro de tel\u00a0: +2250706060677<\/p>\n<p>Site internet\u00a0: <a href=\"https:\/\/www.pompesfunebresdefrance.ci\/\">https:\/\/www.pompesfunebresdefrance.ci\/<\/a><\/p>\n<p>Email\u00a0: abidjan@pfdefrance.com<\/p>\n<p>Localisation\u00a0: Boulevard F\u00e9lix Houphou\u00ebt Boigny \u2013 Carrefour Camp commando \u2013 Koumassi \u2013 Abidjan \u2013 C\u00f4te d\u2019Ivoire<\/p>\n<p>Fiche\u00a0:<\/p>\n<p>Membre du r\u00e9seau national <strong>POMPES FUN\u00c8BRES DE FRANCE<\/strong>, les pompes fun\u00e8bres d&#8217;Abidjan proposent aux familles de l&#8217;agglom\u00e9ration Abidjanaise leurs prestations fun\u00e9raires ainsi qu&#8217;un service de marbrerie.<\/p>\n<p>\u00c0 votre disposition 7j\/7 et 24h\/24, <strong>POMPES FUN\u00c8BRES DE FRANCE Abidjan<\/strong> vous accompagne afin d&#8217;organiser les obs\u00e8ques de vos proches dans la dignit\u00e9 et le respect. Nos conseillers fun\u00e9raires se tiennent \u00e9galement \u00e0 votre disposition afin de vous guider et vous conseiller pour pr\u00e9voir vos obs\u00e8ques ou encore pour l&#8217;achat et la pose d&#8217;un monument fun\u00e9raire.<\/p>\n<p>Retrouvez-nous du lundi au vendredi dans notre agence d&#8217;Abidjan situ\u00e9e au Boulevard Valery Giscard D&#8217;Estaing au centre de la ville. Vous y trouverez un large choix d&#8217;ornements fun\u00e9raires ainsi que nos produits tels que nos cercueils, nos capitons ou encore nos urnes fun\u00e9raires.<\/p>\n<p>En cas d&#8217;urgence, nous intervenons jour et nuit dans toutes les communes situ\u00e9es \u00e0 proximit\u00e9 d&#8217;Abidjan.<\/p>\n\n\t\t<\/div>\n\t<\/div>\n<\/div><\/div><\/div><\/div><div class=\"vc_row wpb_row vc_row-fluid\"><div class=\"wpb_column vc_column_container vc_col-sm-12\"><div class=\"vc_column-inner\"><div class=\"wpb_wrapper\">\n\t<div  class=\"wpb_single_image wpb_content_element vc_align_left wpb_content_element\">\n\t\t\n\t\t<figure class=\"wpb_wrapper vc_figure\">\n\t\t\t<div class=\"vc_single_image-wrapper   vc_box_border_grey\"><img fetchpriority=\"high\" decoding=\"async\" width=\"300\" height=\"300\" src=\"https:\/\/inmemo.net\/wp-content\/uploads\/2025\/08\/logo-300x300.png\" class=\"vc_single_image-img attachment-medium\" alt=\"\" title=\"logo\" srcset=\"https:\/\/inmemo.net\/wp-content\/uploads\/2025\/08\/logo-300x300.png 300w, https:\/\/inmemo.net\/wp-content\/uploads\/2025\/08\/logo-150x150.png 150w, https:\/\/inmemo.net\/wp-content\/uploads\/2025\/08\/logo-12x12.png 12w, https:\/\/inmemo.net\/wp-content\/uploads\/2025\/08\/logo-400x400.png 400w, https:\/\/inmemo.net\/wp-content\/uploads\/2025\/08\/logo-100x100.png 100w, https:\/\/inmemo.net\/wp-content\/uploads\/2025\/08\/logo.png 500w\" sizes=\"(max-width: 300px) 100vw, 300px\" \/><\/div>\n\t\t<\/figure>\n\t<\/div>\n<\/div><\/div><\/div><\/div>\n<\/div>","protected":false},"excerpt":{"rendered":"Pompes Fun\u00e8bres de France Adresse\u00a0: Num\u00e9ro de tel\u00a0: +2250706060677 Site internet\u00a0: https:\/\/www.pompesfunebresdefrance.ci\/ Email\u00a0: abidjan@pfdefrance.com Localisation\u00a0: Boulevard F\u00e9lix Houphou\u00ebt Boigny \u2013 Carrefour Camp commando \u2013 Koumassi \u2013 Abidjan \u2013 C\u00f4te d\u2019Ivoire Fiche\u00a0: Membre du r\u00e9seau national POMPES FUN\u00c8BRES DE FRANCE, les pompes fun\u00e8bres d'Abidjan proposent aux familles de l'agglom\u00e9ration Abidjanaise leurs prestations fun\u00e9raires ainsi qu'un service de marbrerie. \u00c0 votre disposition 7j\/7 et 24h\/24, POMPES FUN\u00c8BRES DE FRANCE Abidjan vous accompagne afin d'organiser les obs\u00e8ques de vos proches dans la dignit\u00e9 et le respect. Nos conseillers fun\u00e9raires se tiennent \u00e9galement \u00e0 votre disposition afin de vous guider et vous conseiller pour pr\u00e9voir vos obs\u00e8ques ou encore pour l'achat et la pose d'un monument fun\u00e9raire. Retrouvez-nous du lundi au vendredi dans notre agence d'Abidjan situ\u00e9e au Boulevard Valery Giscard D'Estaing au centre de la ville. Vous y trouverez un large choix d'ornements fun\u00e9raires ainsi que nos produits tels que nos cercueils, nos capitons ou encore nos urnes fun\u00e9raires. En cas d'urgence, nous intervenons jour et nuit dans toutes les communes situ\u00e9es \u00e0 proximit\u00e9 d'Abidjan.","protected":false},"author":1,"featured_media":0,"parent":0,"menu_order":0,"comment_status":"closed","ping_status":"closed","template":"","meta":{"_themeisle_gutenberg_block_has_review":false,"footnotes":""},"class_list":["post-1258","page","type-page","status-publish","hentry"],"yoast_head":"<!-- This site is optimized with the Yoast SEO plugin v27.6 - https:\/\/yoast.com\/product\/yoast-seo-wordpress\/ -->\n<title>Pompes Fun\u00e8bres de France - inmemo<\/title>\n<meta name=\"robots\" content=\"index, follow, max-snippet:-1, max-image-preview:large, max-video-preview:-1\" \/>\n<link rel=\"canonical\" href=\"https:\/\/inmemo.net\/?page_id=1258\" \/>\n<meta property=\"og:locale\" content=\"fr_FR\" \/>\n<meta property=\"og:type\" content=\"article\" \/>\n<meta property=\"og:title\" content=\"Pompes Fun\u00e8bres de France - inmemo\" \/>\n<meta property=\"og:url\" content=\"https:\/\/inmemo.net\/?page_id=1258\" \/>\n<meta property=\"og:site_name\" content=\"inmemo\" \/>\n<meta property=\"article:modified_time\" content=\"2025-08-23T13:38:00+00:00\" \/>\n<meta name=\"twitter:card\" content=\"summary_large_image\" \/>\n<meta name=\"twitter:label1\" content=\"Dur\u00e9e de lecture estim\u00e9e\" \/>\n\t<meta name=\"twitter:data1\" content=\"1 minute\" \/>\n<script type=\"application\/ld+json\" class=\"yoast-schema-graph\">{\"@context\":\"https:\\\/\\\/schema.org\",\"@graph\":[{\"@type\":\"WebPage\",\"@id\":\"https:\\\/\\\/inmemo.net\\\/?page_id=1258\",\"url\":\"https:\\\/\\\/inmemo.net\\\/?page_id=1258\",\"name\":\"Pompes Fun\u00e8bres de France - inmemo\",\"isPartOf\":{\"@id\":\"https:\\\/\\\/inmemo.net\\\/#website\"},\"datePublished\":\"2025-08-23T13:34:11+00:00\",\"dateModified\":\"2025-08-23T13:38:00+00:00\",\"breadcrumb\":{\"@id\":\"https:\\\/\\\/inmemo.net\\\/?page_id=1258#breadcrumb\"},\"inLanguage\":\"fr-FR\",\"potentialAction\":[{\"@type\":\"ReadAction\",\"target\":[\"https:\\\/\\\/inmemo.net\\\/?page_id=1258\"]}]},{\"@type\":\"BreadcrumbList\",\"@id\":\"https:\\\/\\\/inmemo.net\\\/?page_id=1258#breadcrumb\",\"itemListElement\":[{\"@type\":\"ListItem\",\"position\":1,\"name\":\"Home\",\"item\":\"https:\\\/\\\/inmemo.net\\\/\"},{\"@type\":\"ListItem\",\"position\":2,\"name\":\"Pompes Fun\u00e8bres de France\"}]},{\"@type\":\"WebSite\",\"@id\":\"https:\\\/\\\/inmemo.net\\\/#website\",\"url\":\"https:\\\/\\\/inmemo.net\\\/\",\"name\":\"inmemo\",\"description\":\"Rendez vos souvenir inoubliables\",\"potentialAction\":[{\"@type\":\"SearchAction\",\"target\":{\"@type\":\"EntryPoint\",\"urlTemplate\":\"https:\\\/\\\/inmemo.net\\\/?s={search_term_string}\"},\"query-input\":{\"@type\":\"PropertyValueSpecification\",\"valueRequired\":true,\"valueName\":\"search_term_string\"}}],\"inLanguage\":\"fr-FR\"}]}<\/script>\n<!-- \/ Yoast SEO plugin. -->","yoast_head_json":{"title":"Pompes Fun\u00e8bres de France - inmemo","robots":{"index":"index","follow":"follow","max-snippet":"max-snippet:-1","max-image-preview":"max-image-preview:large","max-video-preview":"max-video-preview:-1"},"canonical":"https:\/\/inmemo.net\/?page_id=1258","og_locale":"fr_FR","og_type":"article","og_title":"Pompes Fun\u00e8bres de France - inmemo","og_url":"https:\/\/inmemo.net\/?page_id=1258","og_site_name":"inmemo","article_modified_time":"2025-08-23T13:38:00+00:00","twitter_card":"summary_large_image","twitter_misc":{"Dur\u00e9e de lecture estim\u00e9e":"1 minute"},"schema":{"@context":"https:\/\/schema.org","@graph":[{"@type":"WebPage","@id":"https:\/\/inmemo.net\/?page_id=1258","url":"https:\/\/inmemo.net\/?page_id=1258","name":"Pompes Fun\u00e8bres de France - inmemo","isPartOf":{"@id":"https:\/\/inmemo.net\/#website"},"datePublished":"2025-08-23T13:34:11+00:00","dateModified":"2025-08-23T13:38:00+00:00","breadcrumb":{"@id":"https:\/\/inmemo.net\/?page_id=1258#breadcrumb"},"inLanguage":"fr-FR","potentialAction":[{"@type":"ReadAction","target":["https:\/\/inmemo.net\/?page_id=1258"]}]},{"@type":"BreadcrumbList","@id":"https:\/\/inmemo.net\/?page_id=1258#breadcrumb","itemListElement":[{"@type":"ListItem","position":1,"name":"Home","item":"https:\/\/inmemo.net\/"},{"@type":"ListItem","position":2,"name":"Pompes Fun\u00e8bres de France"}]},{"@type":"WebSite","@id":"https:\/\/inmemo.net\/#website","url":"https:\/\/inmemo.net\/","name":"inmemo","description":"Rendez vos souvenir inoubliables","potentialAction":[{"@type":"SearchAction","target":{"@type":"EntryPoint","urlTemplate":"https:\/\/inmemo.net\/?s={search_term_string}"},"query-input":{"@type":"PropertyValueSpecification","valueRequired":true,"valueName":"search_term_string"}}],"inLanguage":"fr-FR"}]}},"_links":{"self":[{"href":"https:\/\/inmemo.net\/index.php?rest_route=\/wp\/v2\/pages\/1258","targetHints":{"allow":["GET"]}}],"collection":[{"href":"https:\/\/inmemo.net\/index.php?rest_route=\/wp\/v2\/pages"}],"about":[{"href":"https:\/\/inmemo.net\/index.php?rest_route=\/wp\/v2\/types\/page"}],"author":[{"embeddable":true,"href":"https:\/\/inmemo.net\/index.php?rest_route=\/wp\/v2\/users\/1"}],"replies":[{"embeddable":true,"href":"https:\/\/inmemo.net\/index.php?rest_route=%2Fwp%2Fv2%2Fcomments&post=1258"}],"version-history":[{"count":4,"href":"https:\/\/inmemo.net\/index.php?rest_route=\/wp\/v2\/pages\/1258\/revisions"}],"predecessor-version":[{"id":1263,"href":"https:\/\/inmemo.net\/index.php?rest_route=\/wp\/v2\/pages\/1258\/revisions\/1263"}],"wp:attachment":[{"href":"https:\/\/inmemo.net\/index.php?rest_route=%2Fwp%2Fv2%2Fmedia&parent=1258"}],"curies":[{"name":"wp","href":"https:\/\/api.w.org\/{rel}","templated":true}]}}