{"id":1266,"date":"2025-08-23T13:57:32","date_gmt":"2025-08-23T13:57:32","guid":{"rendered":"https:\/\/inmemo.net\/?page_id=1266"},"modified":"2025-08-23T14:46:12","modified_gmt":"2025-08-23T14:46:12","slug":"pompes-funebres-essiagne-agnero","status":"publish","type":"page","link":"https:\/\/inmemo.net\/?page_id=1266","title":{"rendered":"Pompes fun\u00e8bres Essiagne Agnero"},"content":{"rendered":"<div class=\"wpb-content-wrapper\"><div class=\"vc_row wpb_row vc_row-fluid\"><div class=\"wpb_column vc_column_container vc_col-sm-12\"><div class=\"vc_column-inner\"><div class=\"wpb_wrapper\">\n\t<div class=\"wpb_text_column wpb_content_element\" >\n\t\t<div class=\"wpb_wrapper\">\n\t\t\t<p>PFEA (Pompes fun\u00e8bres Essiagne Agnero)<\/p>\n<p>Adresse\u00a0: Camp militaire \u2013 Yopougon \u2013 01 BP 4942 Abidjan 01 \u2013 Abidjan \u2013 C\u00f4te d\u2019Ivoire<\/p>\n<p>Num\u00e9ro de tel\u00a0: +2250757749360<\/p>\n<p>Site internet\u00a0: <a href=\"https:\/\/www.facebook.com\/EssiagneAgnero4141\/\">https:\/\/www.facebook.com\/EssiagneAgnero4141\/<\/a><\/p>\n<p>Localisation\u00a0: Camp militaire \u2013 Yopougon \u2013 Abidjan \u2013 C\u00f4te d\u2019Ivoire<\/p>\n<p>Fiche\u00a0:<\/p>\n<p><strong>PFEA (Pompes Fun\u00e8bres Essiagne Agnero)<\/strong> sont sp\u00e9cialis\u00e9s dans l&#8217;organisation des fun\u00e9railles dans la vente et fabrication de ( couronnes fun\u00e9raires, cercueils, plaques tombales&#8230;) , dans la location de v\u00e9hicules fun\u00e9raires, dans l&#8217;enl\u00e8vement de corps et dans la fourniture de ( couronnes fun\u00e9raires, cercueils&#8230;) aux partenaires fun\u00e9raires.<\/p>\n\n\t\t<\/div>\n\t<\/div>\n<\/div><\/div><\/div><\/div><div class=\"vc_row wpb_row vc_row-fluid\"><div class=\"wpb_column vc_column_container vc_col-sm-12\"><div class=\"vc_column-inner\"><div class=\"wpb_wrapper\">\n\t<div  class=\"wpb_single_image wpb_content_element vc_align_left wpb_content_element\">\n\t\t\n\t\t<figure class=\"wpb_wrapper vc_figure\">\n\t\t\t<div class=\"vc_single_image-wrapper   vc_box_border_grey\"><img fetchpriority=\"high\" decoding=\"async\" width=\"300\" height=\"218\" src=\"https:\/\/inmemo.net\/wp-content\/uploads\/2025\/08\/IMG-20250822-o-300x218.jpg\" class=\"vc_single_image-img attachment-medium\" alt=\"\" title=\"IMG-20250822-o\" srcset=\"https:\/\/inmemo.net\/wp-content\/uploads\/2025\/08\/IMG-20250822-o-300x218.jpg 300w, https:\/\/inmemo.net\/wp-content\/uploads\/2025\/08\/IMG-20250822-o-18x12.jpg 18w, https:\/\/inmemo.net\/wp-content\/uploads\/2025\/08\/IMG-20250822-o.jpg 550w\" sizes=\"(max-width: 300px) 100vw, 300px\" \/><\/div>\n\t\t<\/figure>\n\t<\/div>\n<\/div><\/div><\/div><\/div>\n<\/div>","protected":false},"excerpt":{"rendered":"PFEA (Pompes fun\u00e8bres Essiagne Agnero) Adresse\u00a0: Camp militaire \u2013 Yopougon \u2013 01 BP 4942 Abidjan 01 \u2013 Abidjan \u2013 C\u00f4te d\u2019Ivoire Num\u00e9ro de tel\u00a0: +2250757749360 Site internet\u00a0: https:\/\/www.facebook.com\/EssiagneAgnero4141\/ Localisation\u00a0: Camp militaire \u2013 Yopougon \u2013 Abidjan \u2013 C\u00f4te d\u2019Ivoire Fiche\u00a0: PFEA (Pompes Fun\u00e8bres Essiagne Agnero) sont sp\u00e9cialis\u00e9s dans l'organisation des fun\u00e9railles dans la vente et fabrication de ( couronnes fun\u00e9raires, cercueils, plaques tombales...) , dans la location de v\u00e9hicules fun\u00e9raires, dans l'enl\u00e8vement de corps et dans la fourniture de ( couronnes fun\u00e9raires, cercueils...) aux partenaires fun\u00e9raires.","protected":false},"author":1,"featured_media":0,"parent":0,"menu_order":0,"comment_status":"closed","ping_status":"closed","template":"","meta":{"_themeisle_gutenberg_block_has_review":false,"footnotes":""},"class_list":["post-1266","page","type-page","status-publish","hentry"],"yoast_head":"<!-- This site is optimized with the Yoast SEO plugin v27.6 - https:\/\/yoast.com\/product\/yoast-seo-wordpress\/ -->\n<title>Pompes fun\u00e8bres Essiagne Agnero - inmemo<\/title>\n<meta name=\"robots\" content=\"index, follow, max-snippet:-1, max-image-preview:large, max-video-preview:-1\" \/>\n<link rel=\"canonical\" href=\"https:\/\/inmemo.net\/?page_id=1266\" \/>\n<meta property=\"og:locale\" content=\"fr_FR\" \/>\n<meta property=\"og:type\" content=\"article\" \/>\n<meta property=\"og:title\" content=\"Pompes fun\u00e8bres Essiagne Agnero - inmemo\" \/>\n<meta property=\"og:url\" content=\"https:\/\/inmemo.net\/?page_id=1266\" \/>\n<meta property=\"og:site_name\" content=\"inmemo\" \/>\n<meta property=\"article:modified_time\" content=\"2025-08-23T14:46:12+00:00\" \/>\n<meta name=\"twitter:card\" content=\"summary_large_image\" \/>\n<script type=\"application\/ld+json\" class=\"yoast-schema-graph\">{\"@context\":\"https:\\\/\\\/schema.org\",\"@graph\":[{\"@type\":\"WebPage\",\"@id\":\"https:\\\/\\\/inmemo.net\\\/?page_id=1266\",\"url\":\"https:\\\/\\\/inmemo.net\\\/?page_id=1266\",\"name\":\"Pompes fun\u00e8bres Essiagne Agnero - inmemo\",\"isPartOf\":{\"@id\":\"https:\\\/\\\/inmemo.net\\\/#website\"},\"datePublished\":\"2025-08-23T13:57:32+00:00\",\"dateModified\":\"2025-08-23T14:46:12+00:00\",\"breadcrumb\":{\"@id\":\"https:\\\/\\\/inmemo.net\\\/?page_id=1266#breadcrumb\"},\"inLanguage\":\"fr-FR\",\"potentialAction\":[{\"@type\":\"ReadAction\",\"target\":[\"https:\\\/\\\/inmemo.net\\\/?page_id=1266\"]}]},{\"@type\":\"BreadcrumbList\",\"@id\":\"https:\\\/\\\/inmemo.net\\\/?page_id=1266#breadcrumb\",\"itemListElement\":[{\"@type\":\"ListItem\",\"position\":1,\"name\":\"Home\",\"item\":\"https:\\\/\\\/inmemo.net\\\/\"},{\"@type\":\"ListItem\",\"position\":2,\"name\":\"Pompes fun\u00e8bres Essiagne Agnero\"}]},{\"@type\":\"WebSite\",\"@id\":\"https:\\\/\\\/inmemo.net\\\/#website\",\"url\":\"https:\\\/\\\/inmemo.net\\\/\",\"name\":\"inmemo\",\"description\":\"Rendez vos souvenir inoubliables\",\"potentialAction\":[{\"@type\":\"SearchAction\",\"target\":{\"@type\":\"EntryPoint\",\"urlTemplate\":\"https:\\\/\\\/inmemo.net\\\/?s={search_term_string}\"},\"query-input\":{\"@type\":\"PropertyValueSpecification\",\"valueRequired\":true,\"valueName\":\"search_term_string\"}}],\"inLanguage\":\"fr-FR\"}]}<\/script>\n<!-- \/ Yoast SEO plugin. -->","yoast_head_json":{"title":"Pompes fun\u00e8bres Essiagne Agnero - inmemo","robots":{"index":"index","follow":"follow","max-snippet":"max-snippet:-1","max-image-preview":"max-image-preview:large","max-video-preview":"max-video-preview:-1"},"canonical":"https:\/\/inmemo.net\/?page_id=1266","og_locale":"fr_FR","og_type":"article","og_title":"Pompes fun\u00e8bres Essiagne Agnero - inmemo","og_url":"https:\/\/inmemo.net\/?page_id=1266","og_site_name":"inmemo","article_modified_time":"2025-08-23T14:46:12+00:00","twitter_card":"summary_large_image","schema":{"@context":"https:\/\/schema.org","@graph":[{"@type":"WebPage","@id":"https:\/\/inmemo.net\/?page_id=1266","url":"https:\/\/inmemo.net\/?page_id=1266","name":"Pompes fun\u00e8bres Essiagne Agnero - inmemo","isPartOf":{"@id":"https:\/\/inmemo.net\/#website"},"datePublished":"2025-08-23T13:57:32+00:00","dateModified":"2025-08-23T14:46:12+00:00","breadcrumb":{"@id":"https:\/\/inmemo.net\/?page_id=1266#breadcrumb"},"inLanguage":"fr-FR","potentialAction":[{"@type":"ReadAction","target":["https:\/\/inmemo.net\/?page_id=1266"]}]},{"@type":"BreadcrumbList","@id":"https:\/\/inmemo.net\/?page_id=1266#breadcrumb","itemListElement":[{"@type":"ListItem","position":1,"name":"Home","item":"https:\/\/inmemo.net\/"},{"@type":"ListItem","position":2,"name":"Pompes fun\u00e8bres Essiagne Agnero"}]},{"@type":"WebSite","@id":"https:\/\/inmemo.net\/#website","url":"https:\/\/inmemo.net\/","name":"inmemo","description":"Rendez vos souvenir inoubliables","potentialAction":[{"@type":"SearchAction","target":{"@type":"EntryPoint","urlTemplate":"https:\/\/inmemo.net\/?s={search_term_string}"},"query-input":{"@type":"PropertyValueSpecification","valueRequired":true,"valueName":"search_term_string"}}],"inLanguage":"fr-FR"}]}},"_links":{"self":[{"href":"https:\/\/inmemo.net\/index.php?rest_route=\/wp\/v2\/pages\/1266","targetHints":{"allow":["GET"]}}],"collection":[{"href":"https:\/\/inmemo.net\/index.php?rest_route=\/wp\/v2\/pages"}],"about":[{"href":"https:\/\/inmemo.net\/index.php?rest_route=\/wp\/v2\/types\/page"}],"author":[{"embeddable":true,"href":"https:\/\/inmemo.net\/index.php?rest_route=\/wp\/v2\/users\/1"}],"replies":[{"embeddable":true,"href":"https:\/\/inmemo.net\/index.php?rest_route=%2Fwp%2Fv2%2Fcomments&post=1266"}],"version-history":[{"count":4,"href":"https:\/\/inmemo.net\/index.php?rest_route=\/wp\/v2\/pages\/1266\/revisions"}],"predecessor-version":[{"id":1273,"href":"https:\/\/inmemo.net\/index.php?rest_route=\/wp\/v2\/pages\/1266\/revisions\/1273"}],"wp:attachment":[{"href":"https:\/\/inmemo.net\/index.php?rest_route=%2Fwp%2Fv2%2Fmedia&parent=1266"}],"curies":[{"name":"wp","href":"https:\/\/api.w.org\/{rel}","templated":true}]}}