{"id":681,"date":"2016-10-21T13:00:08","date_gmt":"2016-10-21T13:00:08","guid":{"rendered":"http:\/\/localhost:8888\/obsequy\/?page_id=50"},"modified":"2025-07-08T15:07:36","modified_gmt":"2025-07-08T15:07:36","slug":"contacts","status":"publish","type":"page","link":"https:\/\/inmemo.net\/?page_id=681","title":{"rendered":"Contactez nous"},"content":{"rendered":"<div class=\"wpb-content-wrapper\"><div class=\"vc_row wpb_row vc_row-fluid vc_custom_1751986895502 vc_row-has-fill vc_row-o-equal-height vc_row-flex\"><div class=\"wpb_column vc_column_container vc_col-sm-8\"><div class=\"vc_column-inner\"><div class=\"wpb_wrapper\">\n\t<div class=\"wpb_text_column wpb_content_element\" >\n\t\t<div class=\"wpb_wrapper\">\n\t\t\t<h1>Contactez nous<\/h1>\n<p>Nous croyons que la mort ne devrait pas \u00eatre un sujet tabou, mais un moment d\u2019hommage et de s\u00e9r\u00e9nit\u00e9. C\u2019est pourquoi nous avons cr\u00e9\u00e9 inmemo.net, une plateforme qui accompagne les familles avec transparence, bienveillance et expertise.<\/p>\n<p>Nous vous informons et simplifions les d\u00e9marches, nous offrons \u00e9galement des outils clairs et modernisons les services fun\u00e9raires pour les rendre accessibles \u00e0 tous.<\/p>\n<p>En brisant les tabous et en ouvrant le dialogue, nous aidons chacun \u00e0 traverser cette \u00e9preuve avec dignit\u00e9 parce qu\u2019honorer nos d\u00e9funts, c\u2019est aussi c\u00e9l\u00e9brer la vie.<\/p>\n\n\t\t<\/div>\n\t<\/div>\n<div class=\"vc_row wpb_row vc_inner vc_row-fluid\"><div class=\"wpb_column vc_column_container vc_col-sm-12\"><div class=\"vc_column-inner\"><div class=\"wpb_wrapper\"><div class=\"icon-box  ibox-secondary ibox-outline ibox-effect \"><div class=\"ibox-icon\"><i class=\"fas fa-map-marked-alt\" style=\"font-size:32px;color:\"><\/i><\/div><h3 style=\"font-size:;color:\">ADRESSE<\/h3><p style=\"font-size:;color:\">Grand Bassam,<br \/>\nModeste,<br \/>\nCit\u00e9 ADO lot 167<\/p><\/div><div class=\"icon-box  ibox-secondary ibox-outline ibox-effect \"><div class=\"ibox-icon\"><i class=\"fas fa-envelope-open-text\" style=\"font-size:32px;color:\"><\/i><\/div><h3 style=\"font-size:;color:\">EMAIL<\/h3><p style=\"font-size:;color:\">Envoyez nous un mail sur cette adresse :<br \/>\ninfo@inmemo.net<\/p><\/div><div class=\"icon-box  ibox-secondary ibox-outline ibox-effect \"><div class=\"ibox-icon\"><i class=\"fab fa-facebook-f\" style=\"font-size:32px;color:\"><\/i><\/div><h3 style=\"font-size:;color:\">Facebook<\/h3><p style=\"font-size:;color:\">Suivez nous \u00e0 travers notre page Facebook : Inmemo<\/p><\/div><div class=\"icon-box  ibox-secondary ibox-outline ibox-effect \"><div class=\"ibox-icon\"><i class=\"fas fa-phone-alt\" style=\"font-size:32px;color:\"><\/i><\/div><h3 style=\"font-size:;color:\">TELEPHONE<\/h3><p style=\"font-size:;color:\">Appelez nous au num\u00e9ro suivant :<br \/>\n+225 21 20 80 28 90<\/p><\/div>\n\t<div  class=\"wpb_single_image wpb_content_element vc_align_left wpb_content_element\">\n\t\t\n\t\t<figure class=\"wpb_wrapper vc_figure\">\n\t\t\t<div class=\"vc_single_image-wrapper   vc_box_border_grey\"><img loading=\"lazy\" decoding=\"async\" class=\"vc_single_image-img \" src=\"https:\/\/inmemo.net\/wp-content\/uploads\/2025\/06\/inmemo-logo-scaled-700x250.jpg\" width=\"700\" height=\"250\" alt=\"inmemo-logo\" title=\"inmemo-logo\" loading=\"lazy\" \/><\/div>\n\t\t<\/figure>\n\t<\/div>\n<\/div><\/div><\/div><\/div><\/div><\/div><\/div><div class=\"box-shadow pull-top wpb_column vc_column_container vc_col-sm-4 vc_col-has-fill\"><div class=\"vc_column-inner vc_custom_1751986966933\"><div class=\"wpb_wrapper\"><h3 style=\"text-align: left\" class=\"vc_custom_heading vc_do_custom_heading accent-color\" >Remplissez le formulaire<\/h3>\n\t<div class=\"wpb_text_column wpb_content_element\" >\n\t\t<div class=\"wpb_wrapper\">\n\t\t\t<p>Pour toute question concernant la publication d\u2019une notice n\u00e9crologique ou possibilit\u00e9s de publicit\u00e9 sur inmemo.net, veuillez prendre contact avec notre service informations. Nous serons heureux de vous aider.<\/p>\n<p>Les commentaires et les questions concernant le site inmemo.net peuvent \u00eatre envoy\u00e9s par courrier \u00e0 l&#8217;adresse suivante <a href=\"mailto:info@inmemo.net\">info@inmemo.net<\/a><\/p>\n<p>Les E-mails sont trait\u00e9s dans les 24 heures maximum en semaine.<\/p>\n\n\t\t<\/div>\n\t<\/div>\n\n<div class=\"wpcf7 no-js\" id=\"wpcf7-f62-o1\" lang=\"fr-FR\" dir=\"ltr\" data-wpcf7-id=\"62\">\n<div class=\"screen-reader-response\"><p role=\"status\" aria-live=\"polite\" aria-atomic=\"true\"><\/p> <ul><\/ul><\/div>\n<form action=\"\/index.php?rest_route=%2Fwp%2Fv2%2Fpages%2F681#wpcf7-f62-o1\" method=\"post\" class=\"wpcf7-form init\" aria-label=\"Formulaire de contact\" novalidate=\"novalidate\" data-status=\"init\">\n<fieldset class=\"hidden-fields-container\"><input type=\"hidden\" name=\"_wpcf7\" value=\"62\" \/><input type=\"hidden\" name=\"_wpcf7_version\" value=\"6.1.1\" \/><input type=\"hidden\" name=\"_wpcf7_locale\" value=\"fr_FR\" \/><input type=\"hidden\" name=\"_wpcf7_unit_tag\" value=\"wpcf7-f62-o1\" \/><input type=\"hidden\" name=\"_wpcf7_container_post\" value=\"0\" \/><input type=\"hidden\" name=\"_wpcf7_posted_data_hash\" value=\"\" \/>\n<\/fieldset>\n<p><label> Votre nom<br \/>\n<span class=\"wpcf7-form-control-wrap\" data-name=\"your-name\"><input size=\"40\" maxlength=\"400\" class=\"wpcf7-form-control wpcf7-text wpcf7-validates-as-required\" autocomplete=\"name\" aria-required=\"true\" aria-invalid=\"false\" value=\"\" type=\"text\" name=\"your-name\" \/><\/span> <\/label>\n<\/p>\n<p><label> Votre e-mail<br \/>\n<span class=\"wpcf7-form-control-wrap\" data-name=\"your-email\"><input size=\"40\" maxlength=\"400\" class=\"wpcf7-form-control wpcf7-email wpcf7-validates-as-required wpcf7-text wpcf7-validates-as-email\" autocomplete=\"email\" aria-required=\"true\" aria-invalid=\"false\" value=\"\" type=\"email\" name=\"your-email\" \/><\/span> <\/label>\n<\/p>\n<p><label> Objet<br \/>\n<span class=\"wpcf7-form-control-wrap\" data-name=\"your-subject\"><input size=\"40\" maxlength=\"400\" class=\"wpcf7-form-control wpcf7-text wpcf7-validates-as-required\" aria-required=\"true\" aria-invalid=\"false\" value=\"\" type=\"text\" name=\"your-subject\" \/><\/span> <\/label>\n<\/p>\n<p><label> Votre message (facultatif)<br \/>\n<span class=\"wpcf7-form-control-wrap\" data-name=\"your-message\"><textarea cols=\"40\" rows=\"10\" maxlength=\"2000\" class=\"wpcf7-form-control wpcf7-textarea\" aria-invalid=\"false\" name=\"your-message\"><\/textarea><\/span> <\/label>\n<\/p>\n<p><input class=\"wpcf7-form-control wpcf7-submit has-spinner\" type=\"submit\" value=\"Envoyer\" \/>\n<\/p><div class=\"wpcf7-response-output\" aria-hidden=\"true\"><\/div>\n<\/form>\n<\/div>\n<\/div><\/div><\/div><\/div>\n<\/div>","protected":false},"excerpt":{"rendered":"Contactez nous Nous croyons que la mort ne devrait pas \u00eatre un sujet tabou, mais un moment d\u2019hommage et de s\u00e9r\u00e9nit\u00e9. C\u2019est pourquoi nous avons cr\u00e9\u00e9 inmemo.net, une plateforme qui accompagne les familles avec transparence, bienveillance et expertise. Nous vous informons et simplifions les d\u00e9marches, nous offrons \u00e9galement des outils clairs et modernisons les services fun\u00e9raires pour les rendre accessibles \u00e0 tous. En brisant les tabous et en ouvrant le dialogue, nous aidons chacun \u00e0 traverser cette \u00e9preuve avec dignit\u00e9 parce qu\u2019honorer nos d\u00e9funts, c\u2019est aussi c\u00e9l\u00e9brer la vie. ADRESSEGrand Bassam, Modeste, Cit\u00e9 ADO lot 167EMAILEnvoyez nous un mail sur cette adresse : info@inmemo.netFacebookSuivez nous \u00e0 travers notre page Facebook : InmemoTELEPHONEAppelez nous au num\u00e9ro suivant : +225 21 20 80 28 90 Remplissez le formulaire Pour toute question concernant la publication d\u2019une notice n\u00e9crologique ou possibilit\u00e9s de publicit\u00e9 sur inmemo.net, veuillez prendre contact avec notre service informations. Nous serons heureux de vous aider. Les commentaires et les questions concernant le site inmemo.net peuvent \u00eatre envoy\u00e9s par courrier \u00e0 l'adresse suivante info@inmemo.net Les E-mails sont trait\u00e9s dans les 24 heures maximum en semaine. Votre nom Votre e-mail Objet Votre message (facultatif)","protected":false},"author":1,"featured_media":0,"parent":679,"menu_order":0,"comment_status":"closed","ping_status":"closed","template":"","meta":{"_themeisle_gutenberg_block_has_review":false,"footnotes":""},"class_list":["post-681","page","type-page","status-publish","hentry"],"yoast_head":"<!-- This site is optimized with the Yoast SEO plugin v27.6 - https:\/\/yoast.com\/product\/yoast-seo-wordpress\/ -->\n<title>Contactez nous - inmemo<\/title>\n<meta name=\"robots\" content=\"index, follow, max-snippet:-1, max-image-preview:large, max-video-preview:-1\" \/>\n<link rel=\"canonical\" href=\"https:\/\/inmemo.net\/?page_id=681\" \/>\n<meta property=\"og:locale\" content=\"fr_FR\" \/>\n<meta property=\"og:type\" content=\"article\" \/>\n<meta property=\"og:title\" content=\"Contactez nous - inmemo\" \/>\n<meta property=\"og:url\" content=\"https:\/\/inmemo.net\/?page_id=681\" \/>\n<meta property=\"og:site_name\" content=\"inmemo\" \/>\n<meta property=\"article:modified_time\" content=\"2025-07-08T15:07:36+00:00\" \/>\n<meta name=\"twitter:card\" content=\"summary_large_image\" \/>\n<meta name=\"twitter:label1\" content=\"Dur\u00e9e de lecture estim\u00e9e\" \/>\n\t<meta name=\"twitter:data1\" content=\"2 minutes\" \/>\n<script type=\"application\/ld+json\" class=\"yoast-schema-graph\">{\"@context\":\"https:\\\/\\\/schema.org\",\"@graph\":[{\"@type\":\"WebPage\",\"@id\":\"https:\\\/\\\/inmemo.net\\\/?page_id=681\",\"url\":\"https:\\\/\\\/inmemo.net\\\/?page_id=681\",\"name\":\"Contactez nous - inmemo\",\"isPartOf\":{\"@id\":\"https:\\\/\\\/inmemo.net\\\/#website\"},\"datePublished\":\"2016-10-21T13:00:08+00:00\",\"dateModified\":\"2025-07-08T15:07:36+00:00\",\"breadcrumb\":{\"@id\":\"https:\\\/\\\/inmemo.net\\\/?page_id=681#breadcrumb\"},\"inLanguage\":\"fr-FR\",\"potentialAction\":[{\"@type\":\"ReadAction\",\"target\":[\"https:\\\/\\\/inmemo.net\\\/?page_id=681\"]}]},{\"@type\":\"BreadcrumbList\",\"@id\":\"https:\\\/\\\/inmemo.net\\\/?page_id=681#breadcrumb\",\"itemListElement\":[{\"@type\":\"ListItem\",\"position\":1,\"name\":\"Home\",\"item\":\"https:\\\/\\\/inmemo.net\\\/\"},{\"@type\":\"ListItem\",\"position\":2,\"name\":\"\u00e0 Propos\",\"item\":\"https:\\\/\\\/inmemo.net\\\/?page_id=679\"},{\"@type\":\"ListItem\",\"position\":3,\"name\":\"Contactez nous\"}]},{\"@type\":\"WebSite\",\"@id\":\"https:\\\/\\\/inmemo.net\\\/#website\",\"url\":\"https:\\\/\\\/inmemo.net\\\/\",\"name\":\"inmemo\",\"description\":\"Rendez vos souvenir inoubliables\",\"potentialAction\":[{\"@type\":\"SearchAction\",\"target\":{\"@type\":\"EntryPoint\",\"urlTemplate\":\"https:\\\/\\\/inmemo.net\\\/?s={search_term_string}\"},\"query-input\":{\"@type\":\"PropertyValueSpecification\",\"valueRequired\":true,\"valueName\":\"search_term_string\"}}],\"inLanguage\":\"fr-FR\"}]}<\/script>\n<!-- \/ Yoast SEO plugin. -->","yoast_head_json":{"title":"Contactez nous - inmemo","robots":{"index":"index","follow":"follow","max-snippet":"max-snippet:-1","max-image-preview":"max-image-preview:large","max-video-preview":"max-video-preview:-1"},"canonical":"https:\/\/inmemo.net\/?page_id=681","og_locale":"fr_FR","og_type":"article","og_title":"Contactez nous - inmemo","og_url":"https:\/\/inmemo.net\/?page_id=681","og_site_name":"inmemo","article_modified_time":"2025-07-08T15:07:36+00:00","twitter_card":"summary_large_image","twitter_misc":{"Dur\u00e9e de lecture estim\u00e9e":"2 minutes"},"schema":{"@context":"https:\/\/schema.org","@graph":[{"@type":"WebPage","@id":"https:\/\/inmemo.net\/?page_id=681","url":"https:\/\/inmemo.net\/?page_id=681","name":"Contactez nous - inmemo","isPartOf":{"@id":"https:\/\/inmemo.net\/#website"},"datePublished":"2016-10-21T13:00:08+00:00","dateModified":"2025-07-08T15:07:36+00:00","breadcrumb":{"@id":"https:\/\/inmemo.net\/?page_id=681#breadcrumb"},"inLanguage":"fr-FR","potentialAction":[{"@type":"ReadAction","target":["https:\/\/inmemo.net\/?page_id=681"]}]},{"@type":"BreadcrumbList","@id":"https:\/\/inmemo.net\/?page_id=681#breadcrumb","itemListElement":[{"@type":"ListItem","position":1,"name":"Home","item":"https:\/\/inmemo.net\/"},{"@type":"ListItem","position":2,"name":"\u00e0 Propos","item":"https:\/\/inmemo.net\/?page_id=679"},{"@type":"ListItem","position":3,"name":"Contactez nous"}]},{"@type":"WebSite","@id":"https:\/\/inmemo.net\/#website","url":"https:\/\/inmemo.net\/","name":"inmemo","description":"Rendez vos souvenir inoubliables","potentialAction":[{"@type":"SearchAction","target":{"@type":"EntryPoint","urlTemplate":"https:\/\/inmemo.net\/?s={search_term_string}"},"query-input":{"@type":"PropertyValueSpecification","valueRequired":true,"valueName":"search_term_string"}}],"inLanguage":"fr-FR"}]}},"_links":{"self":[{"href":"https:\/\/inmemo.net\/index.php?rest_route=\/wp\/v2\/pages\/681","targetHints":{"allow":["GET"]}}],"collection":[{"href":"https:\/\/inmemo.net\/index.php?rest_route=\/wp\/v2\/pages"}],"about":[{"href":"https:\/\/inmemo.net\/index.php?rest_route=\/wp\/v2\/types\/page"}],"author":[{"embeddable":true,"href":"https:\/\/inmemo.net\/index.php?rest_route=\/wp\/v2\/users\/1"}],"replies":[{"embeddable":true,"href":"https:\/\/inmemo.net\/index.php?rest_route=%2Fwp%2Fv2%2Fcomments&post=681"}],"version-history":[{"count":6,"href":"https:\/\/inmemo.net\/index.php?rest_route=\/wp\/v2\/pages\/681\/revisions"}],"predecessor-version":[{"id":1165,"href":"https:\/\/inmemo.net\/index.php?rest_route=\/wp\/v2\/pages\/681\/revisions\/1165"}],"up":[{"embeddable":true,"href":"https:\/\/inmemo.net\/index.php?rest_route=\/wp\/v2\/pages\/679"}],"wp:attachment":[{"href":"https:\/\/inmemo.net\/index.php?rest_route=%2Fwp%2Fv2%2Fmedia&parent=681"}],"curies":[{"name":"wp","href":"https:\/\/api.w.org\/{rel}","templated":true}]}}